{"id":118,"date":"2020-03-09T11:04:20","date_gmt":"2020-03-09T11:04:20","guid":{"rendered":"https:\/\/wpthemes.themehunk.com\/open-shop-lite\/?page_id=118"},"modified":"2022-10-24T19:39:43","modified_gmt":"2022-10-24T19:39:43","slug":"account","status":"publish","type":"page","link":"https:\/\/locacao.luzemacao.com\/index.php\/account\/","title":{"rendered":"Sua Conta"},"content":{"rendered":"\n<p> \u00a0<div class=\"woocommerce\"><\/div>\u00a0 <br>N\u00e3o tem um Cadastro de Loca\u00e7\u00e3o ainda? Preenche agora a <a href=\"https:\/\/locacao.luzemacao.com\/index.php\/register\/\" title=\"\">Ficha de Cadastro<\/a>!<\/p>\n","protected":false},"excerpt":{"rendered":"<p>\u00a0\u00a0 N\u00e3o tem um Cadastro de Loca\u00e7\u00e3o ainda? Preenche agora a Ficha de Cadastro!<\/p>\n","protected":false},"author":1,"featured_media":0,"parent":0,"menu_order":0,"comment_status":"closed","ping_status":"closed","template":"","meta":{"_monsterinsights_skip_tracking":false,"_monsterinsights_sitenote_active":false,"_monsterinsights_sitenote_note":"","_monsterinsights_sitenote_category":0},"aioseo_notices":[],"_links":{"self":[{"href":"https:\/\/locacao.luzemacao.com\/index.php\/wp-json\/wp\/v2\/pages\/118"}],"collection":[{"href":"https:\/\/locacao.luzemacao.com\/index.php\/wp-json\/wp\/v2\/pages"}],"about":[{"href":"https:\/\/locacao.luzemacao.com\/index.php\/wp-json\/wp\/v2\/types\/page"}],"author":[{"embeddable":true,"href":"https:\/\/locacao.luzemacao.com\/index.php\/wp-json\/wp\/v2\/users\/1"}],"replies":[{"embeddable":true,"href":"https:\/\/locacao.luzemacao.com\/index.php\/wp-json\/wp\/v2\/comments?post=118"}],"version-history":[{"count":1,"href":"https:\/\/locacao.luzemacao.com\/index.php\/wp-json\/wp\/v2\/pages\/118\/revisions"}],"predecessor-version":[{"id":430,"href":"https:\/\/locacao.luzemacao.com\/index.php\/wp-json\/wp\/v2\/pages\/118\/revisions\/430"}],"wp:attachment":[{"href":"https:\/\/locacao.luzemacao.com\/index.php\/wp-json\/wp\/v2\/media?parent=118"}],"curies":[{"name":"wp","href":"https:\/\/api.w.org\/{rel}","templated":true}]}}