{"id":493,"date":"2022-10-26T17:56:13","date_gmt":"2022-10-26T17:56:13","guid":{"rendered":"https:\/\/locacao.luzemacao.com\/?page_id=493"},"modified":"2022-12-07T12:12:50","modified_gmt":"2022-12-07T12:12:50","slug":"programa-produtores-associados-2","status":"publish","type":"page","link":"https:\/\/locacao.luzemacao.com\/index.php\/programa-produtores-associados-2\/","title":{"rendered":"Programa Produtores Associados"},"content":{"rendered":"<div class=\"wp-block-image\">\n<figure class=\"aligncenter size-large is-resized\"><img loading=\"lazy\" src=\"https:\/\/locacao.luzemacao.com\/wp-content\/uploads\/2022\/10\/319e3b0bc1c77eb1ace67012d9e6f102-1024x576.jpeg\" alt=\"\" class=\"wp-image-488\" width=\"708\" height=\"397\" srcset=\"https:\/\/locacao.luzemacao.com\/wp-content\/uploads\/2022\/10\/319e3b0bc1c77eb1ace67012d9e6f102-1024x576.jpeg 1024w, https:\/\/locacao.luzemacao.com\/wp-content\/uploads\/2022\/10\/319e3b0bc1c77eb1ace67012d9e6f102-300x169.jpeg 300w, https:\/\/locacao.luzemacao.com\/wp-content\/uploads\/2022\/10\/319e3b0bc1c77eb1ace67012d9e6f102-768x432.jpeg 768w, https:\/\/locacao.luzemacao.com\/wp-content\/uploads\/2022\/10\/319e3b0bc1c77eb1ace67012d9e6f102-48x27.jpeg 48w, https:\/\/locacao.luzemacao.com\/wp-content\/uploads\/2022\/10\/319e3b0bc1c77eb1ace67012d9e6f102.jpeg 1280w\" sizes=\"(max-width: 708px) 100vw, 708px\" \/><\/figure><\/div>\n\n\n<p>O Programa de Produtores Associados foi criado para impulsionar as produ\u00e7\u00f5es da Luz em A\u00e7\u00e3o e fomentar a ind\u00fastria de produ\u00e7\u00e3o audiovisual local, promovendo cursos, oficinas e uso de novas tecnologias e equipamentos. <br><br>Nossos Produtores Associados <strong>ganham 40% de cr\u00e9dito<\/strong> acima do que contribuem como Associados para uso em cursos, oficinas, e loca\u00e7\u00e3o de est\u00fadio equipamentos. <\/p>\n\n\n\n<p>Este valor \u00e9 usado por Luz em A\u00e7\u00e3o para investir em novas produ\u00e7\u00f5es e equipamentos que possam, via loca\u00e7\u00e3o, ser usados por todos. Juntos somos mais fortes!<\/p>\n\n\n\n<p>Para se tornar um Produtor Associado \u00e9 necess\u00e1rio j\u00e1 ter um Cadastro de Loca\u00e7\u00e3o. Caso voc\u00ea j\u00e1 tem cadastro, por favor efetue login para poder se-inscrever como Produtor Associado.<\/p>\n\n\n\n<div class=\"wp-container-1 wp-block-buttons\">\n<div class=\"wp-block-button\"><a class=\"wp-block-button__link has-luminous-vivid-orange-background-color has-background\" href=\"https:\/\/locacao.luzemacao.com\/index.php\/register\/\">Novo Cadastro de Loca\u00e7\u00e3o<\/a><\/div>\n\n\n\n<div class=\"wp-block-button\"><a class=\"wp-block-button__link has-vivid-green-cyan-background-color has-background\" href=\"https:\/\/locacao.luzemacao.com\/index.php\/my-account\/\">Login<\/a><\/div>\n<\/div>\n\n\n\n\t\t<style>\n\t\t\t#wpls-logo-showcase-slider-1 .wpls-fix-box,\n\t\t\t#wpls-logo-showcase-slider-1 .wpls-fix-box img.wp-post-image{max-height:250px; }\n\t\t<\/style>\n\t\t<div class=\"wpls-wrap wpls-logo-showcase-slider-wrp wpls-logo-clearfix wpls-design-1 \" data-conf=\"{&quot;slides_column&quot;:3,&quot;slides_scroll&quot;:1,&quot;dots&quot;:&quot;true&quot;,&quot;arrows&quot;:&quot;true&quot;,&quot;autoplay&quot;:&quot;true&quot;,&quot;autoplay_interval&quot;:3000,&quot;loop&quot;:&quot;true&quot;,&quot;rtl&quot;:&quot;false&quot;,&quot;speed&quot;:800,&quot;center_mode&quot;:&quot;false&quot;,&quot;lazyload&quot;:&quot;&quot;}\">\n\t\t\t<div class=\"wpls-logo-showcase logo_showcase wpls-logo-slider  sliderimage_hide_border \" id=\"wpls-logo-showcase-slider-1\" >\n\t\t\t\t<div class=\"wpls-logo-cnt\">\n\t<div class=\"wpls-fix-box\">\n\t\t\t\t<a href=\"https:\/\/www.instagram.com\/avfilmes\/\" target=\"_self\">\n\t\t\t<img class=\"wp-post-image\"  src=\"https:\/\/locacao.luzemacao.com\/wp-content\/uploads\/2022\/10\/avfilmes-1-e1666815723735.png\" alt=\"\" \/>\n\t\t<\/a>\n\t\t\t<\/div>\n\t<\/div><div class=\"wpls-logo-cnt\">\n\t<div class=\"wpls-fix-box\">\n\t\t\t\t<a href=\"https:\/\/www.instagram.com\/malifilmes\/\" target=\"_self\">\n\t\t\t<img class=\"wp-post-image\"  src=\"https:\/\/locacao.luzemacao.com\/wp-content\/uploads\/2022\/10\/mali-e1666815785708.png\" alt=\"\" \/>\n\t\t<\/a>\n\t\t\t<\/div>\n\t<\/div><div class=\"wpls-logo-cnt\">\n\t<div class=\"wpls-fix-box\">\n\t\t\t\t<a href=\"https:\/\/www.instagram.com\/rushcriativo\/\" target=\"_self\">\n\t\t\t<img class=\"wp-post-image\"  src=\"https:\/\/locacao.luzemacao.com\/wp-content\/uploads\/2022\/10\/rush-e1666815979812.png\" alt=\"\" \/>\n\t\t<\/a>\n\t\t\t<\/div>\n\t<\/div>\t\t\t<\/div>\n\t\t<\/div>\n\n\t\t\n","protected":false},"excerpt":{"rendered":"<p>O Programa de Produtores Associados foi criado para impulsionar as produ\u00e7\u00f5es da Luz em A\u00e7\u00e3o e fomentar a ind\u00fastria de produ\u00e7\u00e3o audiovisual local, promovendo cursos, oficinas e uso de novas tecnologias e equipamentos. Nossos Produtores Associados ganham 40% de cr\u00e9dito acima do que contribuem como Associados para uso em cursos, oficinas, e loca\u00e7\u00e3o de est\u00fadio &hellip;<\/p>\n<p class=\"read-more\"> <a class=\" thunk-readmore button \" href=\"https:\/\/locacao.luzemacao.com\/index.php\/logoshowcase\/rush-criativo\/\"> <span class=\"screen-reader-text\">Rush Criativo<\/span>Read More<\/a><\/p>\n","protected":false},"author":1,"featured_media":0,"parent":0,"menu_order":0,"comment_status":"closed","ping_status":"closed","template":"","meta":{"_monsterinsights_skip_tracking":false,"_monsterinsights_sitenote_active":false,"_monsterinsights_sitenote_note":"","_monsterinsights_sitenote_category":0},"aioseo_notices":[],"_links":{"self":[{"href":"https:\/\/locacao.luzemacao.com\/index.php\/wp-json\/wp\/v2\/pages\/493"}],"collection":[{"href":"https:\/\/locacao.luzemacao.com\/index.php\/wp-json\/wp\/v2\/pages"}],"about":[{"href":"https:\/\/locacao.luzemacao.com\/index.php\/wp-json\/wp\/v2\/types\/page"}],"author":[{"embeddable":true,"href":"https:\/\/locacao.luzemacao.com\/index.php\/wp-json\/wp\/v2\/users\/1"}],"replies":[{"embeddable":true,"href":"https:\/\/locacao.luzemacao.com\/index.php\/wp-json\/wp\/v2\/comments?post=493"}],"version-history":[{"count":4,"href":"https:\/\/locacao.luzemacao.com\/index.php\/wp-json\/wp\/v2\/pages\/493\/revisions"}],"predecessor-version":[{"id":948,"href":"https:\/\/locacao.luzemacao.com\/index.php\/wp-json\/wp\/v2\/pages\/493\/revisions\/948"}],"wp:attachment":[{"href":"https:\/\/locacao.luzemacao.com\/index.php\/wp-json\/wp\/v2\/media?parent=493"}],"curies":[{"name":"wp","href":"https:\/\/api.w.org\/{rel}","templated":true}]}}