{"id":1234,"date":"2023-02-10T19:06:08","date_gmt":"2023-02-10T19:06:08","guid":{"rendered":"https:\/\/locacao.luzemacao.com\/?post_type=product&#038;p=1234"},"modified":"2025-11-21T15:30:15","modified_gmt":"2025-11-21T15:30:15","slug":"sombrinha-producao","status":"publish","type":"product","link":"https:\/\/locacao.luzemacao.com\/index.php\/product\/sombrinha-producao\/","title":{"rendered":"Guarda-sol de Produ\u00e7\u00e3o (Ombrelone)"},"content":{"rendered":"<p>Sombrinha guarda-sol para Produ\u00e7\u00e3o. Temos dois dispon\u00edveis.<\/p>\n","protected":false},"excerpt":{"rendered":"<p>Sombrinha guarda-sol para Produ\u00e7\u00e3o. Temos dois dispon\u00edveis.<\/p>\n","protected":false},"featured_media":1238,"comment_status":"open","ping_status":"closed","template":"","meta":{"_monsterinsights_skip_tracking":false,"_monsterinsights_sitenote_active":false,"_monsterinsights_sitenote_note":"","_monsterinsights_sitenote_category":0},"product_cat":[44],"product_tag":[144,145,147,146],"aioseo_notices":[],"_links":{"self":[{"href":"https:\/\/locacao.luzemacao.com\/index.php\/wp-json\/wp\/v2\/product\/1234"}],"collection":[{"href":"https:\/\/locacao.luzemacao.com\/index.php\/wp-json\/wp\/v2\/product"}],"about":[{"href":"https:\/\/locacao.luzemacao.com\/index.php\/wp-json\/wp\/v2\/types\/product"}],"replies":[{"embeddable":true,"href":"https:\/\/locacao.luzemacao.com\/index.php\/wp-json\/wp\/v2\/comments?post=1234"}],"wp:featuredmedia":[{"embeddable":true,"href":"https:\/\/locacao.luzemacao.com\/index.php\/wp-json\/wp\/v2\/media\/1238"}],"wp:attachment":[{"href":"https:\/\/locacao.luzemacao.com\/index.php\/wp-json\/wp\/v2\/media?parent=1234"}],"wp:term":[{"taxonomy":"product_cat","embeddable":true,"href":"https:\/\/locacao.luzemacao.com\/index.php\/wp-json\/wp\/v2\/product_cat?post=1234"},{"taxonomy":"product_tag","embeddable":true,"href":"https:\/\/locacao.luzemacao.com\/index.php\/wp-json\/wp\/v2\/product_tag?post=1234"}],"curies":[{"name":"wp","href":"https:\/\/api.w.org\/{rel}","templated":true}]}}