{"id":1536,"date":"2024-01-29T15:23:50","date_gmt":"2024-01-29T15:23:50","guid":{"rendered":"https:\/\/locacao.luzemacao.com\/?post_type=product&#038;p=1536"},"modified":"2025-05-28T18:34:12","modified_gmt":"2025-05-28T18:34:12","slug":"aputure-f21c","status":"publish","type":"product","link":"https:\/\/locacao.luzemacao.com\/index.php\/product\/aputure-f21c\/","title":{"rendered":"Aputure Amaran F21c RGBww"},"content":{"rendered":"<p>Caracter\u00edsticas principais:<\/p>\n<p>\u00c1rea de superf\u00edcie do painel: 2 x 1\u2032<br \/>\nTemperatura de cor 2500-7500K<br \/>\nControle total de cores HSI<br \/>\nAjuste Verde-Magenta<br \/>\n15 efeitos de ilumina\u00e7\u00e3o embutidos, 46 predefini\u00e7\u00f5es de gel<br \/>\nCRI: 95<br \/>\nTLCI: 98<br \/>\nCQS: 96<br \/>\nSa\u00edda de 100 W<br \/>\n0-100% escurecimento, controle DMX<br \/>\nCA multitens\u00e3o, bateria de montagem em V<br \/>\nSoftbox Frame com dois difusores e grade<\/p>\n<p>O tapete LED F21c RGBWW da amaran\u00e9 um tapete de LED poderoso, vers\u00e1til e flex\u00edvel que mede 2 x 1\u2032. Oferece excelente sa\u00edda de luz e renderiza\u00e7\u00e3o de cores adequada para uma variedade de usu\u00e1rios, de cineastas a cinegrafistas, criadores de conte\u00fado e fot\u00f3grafos. Fornecendo 100W de pot\u00eancia, possui LEDs RGBWW para controle completo de cores, bem como CCT ajust\u00e1vel de 2500K a 7500K, oferecendo infinitas possibilidades para sele\u00e7\u00f5es criativas de ilumina\u00e7\u00e3o por meio de controle HSI de 360\u00b0, 46 predefini\u00e7\u00f5es de gel de cores e 15 efeitos de ilumina\u00e7\u00e3o personaliz\u00e1veis \u200b\u200bexclusivos. Possui pontua\u00e7\u00f5es estelares CRI e TLCI de 95+ e 97+, e escurecimento cont\u00ednuo de 0 a 100%. Uma estrutura em X dobr\u00e1vel inclu\u00edda estica o tapete para um painel r\u00edgido que pode ser conectado diretamente a uma cabe\u00e7a de suporte C-stand usando o adaptador Baby Pin reto ou em qualquer suporte de luz padr\u00e3o com o Baby Pin de \u00e2ngulo reto inclu\u00eddo e montagem de suporte inclin\u00e1vel.<\/p>\n<p>A caixa de controle \u00e9 uma fonte de alimenta\u00e7\u00e3o CA multivoltagem que possui uma placa de bateria de montagem em V para uso com baterias compat\u00edveis de 14,4 V, 26 V ou 28,8 V. A sa\u00edda total pode ser alcan\u00e7ada ao usar a fonte de alimenta\u00e7\u00e3o CA, o uso de baterias permite que o F21c seja usado com meia ou pot\u00eancia total, dependendo da for\u00e7a da bateria.<\/p>\n<p>O aplicativo gratuito Sidus Link possibilita a utiliza\u00e7\u00e3o de ferramentas exclusivas dos ecossistemas Aputure e amaran, como Source Match, Color Picker e Custom FX. O F21c tamb\u00e9m pode ser controlado usando DMX com um cabo adaptador de entrada e sa\u00edda USB-C para DMX512 de 5 pinos dispon\u00edvel separadamente, adicionando controle de n\u00edvel profissional a uma unidade individual ou grupos de luzes. O amaran F21c \u00e9 ideal para cinegrafistas que precisam de uma solu\u00e7\u00e3o de ilumina\u00e7\u00e3o vers\u00e1til e literalmente flex\u00edvel. O painel flex\u00edvel RGBWW oferece aos usu\u00e1rios for\u00e7a e controle incompar\u00e1veis \u200b\u200bem uma ampla e expandida faixa CCT para combinar com uma variedade de ambientes de luz branca.<\/p>\n<p>&nbsp;<\/p>\n<p>Sa\u00edda de 100 W<br \/>\n2 x 1\u201d RGBWW tapete LED flex\u00edvel<br \/>\nTemperatura de cor de 2500-7500K<br \/>\nCRI: 95+, TLCI: 97+, CQS: 96+<br \/>\nSSI (Tungst\u00eanio): 83+, SSI (D56): 74+<br \/>\nControle total de cores HSI<br \/>\nAjuste ajust\u00e1vel verde-magenta (verde mais\/menos)<br \/>\nEscurecimento cont\u00ednuo de 0 a 100%<br \/>\nTapete de LED ultraleve<br \/>\nControle do aplicativo Sidus Link para smartphones e tablets<br \/>\nControle DMX com cabo adaptador de entrada e sa\u00edda USB-C para DMX512 de 5 pinos, dispon\u00edvel separadamente<br \/>\n15 FX de ilumina\u00e7\u00e3o embutido, incluindo paparazzi, rel\u00e2mpago, TV, vela, fogo, estrobosc\u00f3pio, explos\u00e3o, l\u00e2mpada defeituosa, pulsa\u00e7\u00e3o, soldagem, carro de pol\u00edcia, persegui\u00e7\u00e3o de cores e muito mais<br \/>\n46 predefini\u00e7\u00f5es de gel de cor<br \/>\nFonte de alimenta\u00e7\u00e3o CA multitens\u00e3o de f\u00e1cil montagem com suporte de bateria de montagem em V inclu\u00eddo<br \/>\nV\u00e1rias solu\u00e7\u00f5es de alimenta\u00e7\u00e3o DC: 14,4 V\/26\/28,8 V\/48 V (XLR de 3 pinos)<br \/>\nEstojo de transporte macio<\/p>\n<p>&nbsp;<\/p>\n<p>Conte\u00fado:<\/p>\n<p>01- Amaran F21c RGBWW LED Mat V-Mount<br \/>\n01- Caixa de controle com placa de bateria de montagem em V<br \/>\n01- Cabo de extens\u00e3o da cabe\u00e7a de 9,8\u2032<br \/>\n01- Suporte<br \/>\n01- Adaptador de pino baby de \u00e2ngulo reto<br \/>\n01- Adaptador de pino de baby reto<br \/>\n01- Suporte Inclin\u00e1vel<br \/>\n01- Quadro Softbox F21<br \/>\n01- F21 Pano de Difus\u00e3o 1 (1\/2 Pano de Grade)<br \/>\n01- F21 Pano de Difus\u00e3o 2 (2,5 stop)<br \/>\n01- F21 45\u00b0 Grade de Controle de Luz<br \/>\n01- Fonte de alimenta\u00e7\u00e3o AC multitens\u00e3o<br \/>\n01- Cabo de alimenta\u00e7\u00e3o AC<br \/>\n01- Maleta<\/p>\n","protected":false},"excerpt":{"rendered":"<p>Caracter\u00edsticas principais: \u00c1rea de superf\u00edcie do painel: 2 x 1\u2032 Temperatura de cor 2500-7500K Controle total de cores HSI Ajuste Verde-Magenta 15 efeitos de ilumina\u00e7\u00e3o embutidos, 46 predefini\u00e7\u00f5es de gel CRI: 95 TLCI: 98 CQS: 96 Sa\u00edda de 100 W 0-100% escurecimento, controle DMX CA multitens\u00e3o, bateria de montagem em V Softbox Frame com dois &hellip;<\/p>\n<p class=\"read-more\"> <a class=\" thunk-readmore button \" href=\"https:\/\/locacao.luzemacao.com\/index.php\/product\/aputure-f21c\/\"> <span class=\"screen-reader-text\">Aputure Amaran F21c RGBww<\/span>Read More<\/a><\/p>\n","protected":false},"featured_media":1544,"comment_status":"open","ping_status":"closed","template":"","meta":{"_monsterinsights_skip_tracking":false,"_monsterinsights_sitenote_active":false,"_monsterinsights_sitenote_note":"","_monsterinsights_sitenote_category":0},"product_cat":[115,16,74],"product_tag":[54],"aioseo_notices":[],"_links":{"self":[{"href":"https:\/\/locacao.luzemacao.com\/index.php\/wp-json\/wp\/v2\/product\/1536"}],"collection":[{"href":"https:\/\/locacao.luzemacao.com\/index.php\/wp-json\/wp\/v2\/product"}],"about":[{"href":"https:\/\/locacao.luzemacao.com\/index.php\/wp-json\/wp\/v2\/types\/product"}],"replies":[{"embeddable":true,"href":"https:\/\/locacao.luzemacao.com\/index.php\/wp-json\/wp\/v2\/comments?post=1536"}],"wp:featuredmedia":[{"embeddable":true,"href":"https:\/\/locacao.luzemacao.com\/index.php\/wp-json\/wp\/v2\/media\/1544"}],"wp:attachment":[{"href":"https:\/\/locacao.luzemacao.com\/index.php\/wp-json\/wp\/v2\/media?parent=1536"}],"wp:term":[{"taxonomy":"product_cat","embeddable":true,"href":"https:\/\/locacao.luzemacao.com\/index.php\/wp-json\/wp\/v2\/product_cat?post=1536"},{"taxonomy":"product_tag","embeddable":true,"href":"https:\/\/locacao.luzemacao.com\/index.php\/wp-json\/wp\/v2\/product_tag?post=1536"}],"curies":[{"name":"wp","href":"https:\/\/api.w.org\/{rel}","templated":true}]}}