{"id":1545,"date":"2024-01-29T18:39:46","date_gmt":"2024-01-29T18:39:46","guid":{"rendered":"https:\/\/locacao.luzemacao.com\/?post_type=product&#038;p=1545"},"modified":"2024-02-21T17:02:57","modified_gmt":"2024-02-21T17:02:57","slug":"canon-70-200mm-f-2-8l-is-ii-usm","status":"publish","type":"product","link":"https:\/\/locacao.luzemacao.com\/index.php\/product\/canon-70-200mm-f-2-8l-is-ii-usm\/","title":{"rendered":"Canon 70-200mm f\/2.8L IS II USM"},"content":{"rendered":"<p>O novo zoom EF 70-200mm f\/2.8L IS II USM aumenta a velocidade, o desempenho e a qualidade \u00f3ptica da EF 70-200 f\/2.8L IS USM, mantendo todas as caracter\u00edsticas que fizeram dele uma lenda para os profissionais e amadores avan\u00e7ados.<\/p>\n<p>A lente EF 70-200mm f\/2.8L IS II USM apresenta fluorita e cinco elementos UD para aumentar a qualidade \u00f3ptica e reduzir aberra\u00e7\u00f5es crom\u00e1ticas. Possui uma dist\u00e2ncia focal m\u00ednima de 1.2m\/3.9 p\u00e9s em todas as configura\u00e7\u00f5es de zoom, o que \u00e9 \u00fatil para fot\u00f3grafos em espa\u00e7os menores que tentam se aproximar de um objeto. Possui Estabilizador \u00d3ptico de Imagem de \u00faltima gera\u00e7\u00e3o, oferecendo at\u00e9 4 pontos de corre\u00e7\u00e3o em todas as dist\u00e2ncias focais. E, como com todas as lentes da s\u00e9rie L, a EF 70-200mm f\/2.8L IS II USM \u00e9 resistente \u00e0 poeira e \u00e0 umidade e projetada para uso em ambientes desafiadores, t\u00edpicos de uso profissional rigoroso.<\/p>\n","protected":false},"excerpt":{"rendered":"<p>O novo zoom EF 70-200mm f\/2.8L IS II USM aumenta a velocidade, o desempenho e a qualidade \u00f3ptica da EF 70-200 f\/2.8L IS USM, mantendo todas as caracter\u00edsticas que fizeram dele uma lenda para os profissionais e amadores avan\u00e7ados. A lente EF 70-200mm f\/2.8L IS II USM apresenta fluorita e cinco elementos UD para aumentar &hellip;<\/p>\n<p class=\"read-more\"> <a class=\" thunk-readmore button \" href=\"https:\/\/locacao.luzemacao.com\/index.php\/product\/canon-70-200mm-f-2-8l-is-ii-usm\/\"> <span class=\"screen-reader-text\">Canon 70-200mm f\/2.8L IS II USM<\/span>Read More<\/a><\/p>\n","protected":false},"featured_media":1551,"comment_status":"open","ping_status":"closed","template":"","meta":{"_monsterinsights_skip_tracking":false,"_monsterinsights_sitenote_active":false,"_monsterinsights_sitenote_note":"","_monsterinsights_sitenote_category":0},"product_cat":[122,18,67,28],"product_tag":[],"aioseo_notices":[],"_links":{"self":[{"href":"https:\/\/locacao.luzemacao.com\/index.php\/wp-json\/wp\/v2\/product\/1545"}],"collection":[{"href":"https:\/\/locacao.luzemacao.com\/index.php\/wp-json\/wp\/v2\/product"}],"about":[{"href":"https:\/\/locacao.luzemacao.com\/index.php\/wp-json\/wp\/v2\/types\/product"}],"replies":[{"embeddable":true,"href":"https:\/\/locacao.luzemacao.com\/index.php\/wp-json\/wp\/v2\/comments?post=1545"}],"wp:featuredmedia":[{"embeddable":true,"href":"https:\/\/locacao.luzemacao.com\/index.php\/wp-json\/wp\/v2\/media\/1551"}],"wp:attachment":[{"href":"https:\/\/locacao.luzemacao.com\/index.php\/wp-json\/wp\/v2\/media?parent=1545"}],"wp:term":[{"taxonomy":"product_cat","embeddable":true,"href":"https:\/\/locacao.luzemacao.com\/index.php\/wp-json\/wp\/v2\/product_cat?post=1545"},{"taxonomy":"product_tag","embeddable":true,"href":"https:\/\/locacao.luzemacao.com\/index.php\/wp-json\/wp\/v2\/product_tag?post=1545"}],"curies":[{"name":"wp","href":"https:\/\/api.w.org\/{rel}","templated":true}]}}