{"id":1609,"date":"2024-06-11T16:52:55","date_gmt":"2024-06-11T16:52:55","guid":{"rendered":"https:\/\/locacao.luzemacao.com\/?post_type=product&#038;p=1609"},"modified":"2024-06-11T17:11:08","modified_gmt":"2024-06-11T17:11:08","slug":"microfone-lapela-sony-uwp-d21","status":"publish","type":"product","link":"https:\/\/locacao.luzemacao.com\/index.php\/product\/microfone-lapela-sony-uwp-d21\/","title":{"rendered":"Microfone Lapela Sony UWP-D21 (NOVO)"},"content":{"rendered":"<ul class=\"ui-vpp-highlighted-specs__features-list\">\n<li class=\"ui-vpp-highlighted-specs__features-list-item ui-pdp-color--BLACK ui-pdp-size--XSMALL ui-pdp-family--REGULAR\">\u00c9 recomendado para c\u00e2meras.<\/li>\n<li class=\"ui-vpp-highlighted-specs__features-list-item ui-pdp-color--BLACK ui-pdp-size--XSMALL ui-pdp-family--REGULAR\">Formato:lapela.<\/li>\n<li class=\"ui-vpp-highlighted-specs__features-list-item ui-pdp-color--BLACK ui-pdp-size--XSMALL ui-pdp-family--REGULAR\">Cabo de 100cm.<\/li>\n<li class=\"ui-vpp-highlighted-specs__features-list-item ui-pdp-color--BLACK ui-pdp-size--XSMALL ui-pdp-family--REGULAR\">Conector\/es de sa\u00edda:usb.<\/li>\n<li class=\"ui-vpp-highlighted-specs__features-list-item ui-pdp-color--BLACK ui-pdp-size--XSMALL ui-pdp-family--REGULAR\">Frequ\u00eancia m\u00e1xima: 20000Hz.<\/li>\n<li class=\"ui-vpp-highlighted-specs__features-list-item ui-pdp-color--BLACK ui-pdp-size--XSMALL ui-pdp-family--REGULAR\">Frequ\u00eancia m\u00ednima: 40Hz.<\/li>\n<li class=\"ui-vpp-highlighted-specs__features-list-item ui-pdp-color--BLACK ui-pdp-size--XSMALL ui-pdp-family--REGULAR\">Diminui o som ambiental e captura a sua voz com a mais alta qualidade.<\/li>\n<li class=\"ui-vpp-highlighted-specs__features-list-item ui-pdp-color--BLACK ui-pdp-size--XSMALL ui-pdp-family--REGULAR\">Inclui: cabos.<\/li>\n<\/ul>\n<p>Som de alta qualidade com processamento de \u00e1udio digital da Sony<br \/>\nFun\u00e7\u00e3o NFC SYNC para defini\u00e7\u00e3o r\u00e1pida e segura de canal (recurso de sincroniza\u00e7\u00e3o IR com transmissor UTX-B40 de receptores URX-P03, URX-P03D e URX-S03D)<br \/>\nDiversidade real de sintonizador duplo para recep\u00e7\u00e3o de sinal est\u00e1vel<br \/>\nControle de volume no modo de aproveitamento autom\u00e1tico<br \/>\nModo de aumento de ganho de volume de +15 dB para \u00e1udio com microfone externo<br \/>\nEntrada de linha<br \/>\nMem\u00f3ria de canal para comuta\u00e7\u00e3o r\u00e1pida entre frequ\u00eancias do receptor para opera\u00e7\u00e3o de dois transmissores<br \/>\nFrequ\u00eancia do transmissor enviada para o receptor para correspond\u00eancia de v\u00e1rios receptores com um transmissor<br \/>\nSa\u00edda de fone de ouvido para monitoramento<br \/>\nModo de monitor para uso de um receptor como um monitor de ouvido<br \/>\nFun\u00e7\u00e3o de cancelamento de \u00e1udio vari\u00e1vel<br \/>\nCompatibilidade com Sony s\u00e9rie WL-800\/UWP\/UWP-D<br \/>\nControle de n\u00edvel de sa\u00edda do receptor<br \/>\nVisor OLED de alta visibilidade, ideal para uso interno\/externo<\/p>\n","protected":false},"excerpt":{"rendered":"<p>\u00c9 recomendado para c\u00e2meras. Formato:lapela. Cabo de 100cm. Conector\/es de sa\u00edda:usb. Frequ\u00eancia m\u00e1xima: 20000Hz. Frequ\u00eancia m\u00ednima: 40Hz. Diminui o som ambiental e captura a sua voz com a mais alta qualidade. Inclui: cabos. Som de alta qualidade com processamento de \u00e1udio digital da Sony Fun\u00e7\u00e3o NFC SYNC para defini\u00e7\u00e3o r\u00e1pida e segura de canal (recurso &hellip;<\/p>\n<p class=\"read-more\"> <a class=\" thunk-readmore button \" href=\"https:\/\/locacao.luzemacao.com\/index.php\/product\/microfone-lapela-sony-uwp-d21\/\"> <span class=\"screen-reader-text\">Microfone Lapela Sony UWP-D21 (NOVO)<\/span>Read More<\/a><\/p>\n","protected":false},"featured_media":1613,"comment_status":"open","ping_status":"closed","template":"","meta":{"_monsterinsights_skip_tracking":false,"_monsterinsights_sitenote_active":false,"_monsterinsights_sitenote_note":"","_monsterinsights_sitenote_category":0},"product_cat":[20,50],"product_tag":[],"aioseo_notices":[],"_links":{"self":[{"href":"https:\/\/locacao.luzemacao.com\/index.php\/wp-json\/wp\/v2\/product\/1609"}],"collection":[{"href":"https:\/\/locacao.luzemacao.com\/index.php\/wp-json\/wp\/v2\/product"}],"about":[{"href":"https:\/\/locacao.luzemacao.com\/index.php\/wp-json\/wp\/v2\/types\/product"}],"replies":[{"embeddable":true,"href":"https:\/\/locacao.luzemacao.com\/index.php\/wp-json\/wp\/v2\/comments?post=1609"}],"wp:featuredmedia":[{"embeddable":true,"href":"https:\/\/locacao.luzemacao.com\/index.php\/wp-json\/wp\/v2\/media\/1613"}],"wp:attachment":[{"href":"https:\/\/locacao.luzemacao.com\/index.php\/wp-json\/wp\/v2\/media?parent=1609"}],"wp:term":[{"taxonomy":"product_cat","embeddable":true,"href":"https:\/\/locacao.luzemacao.com\/index.php\/wp-json\/wp\/v2\/product_cat?post=1609"},{"taxonomy":"product_tag","embeddable":true,"href":"https:\/\/locacao.luzemacao.com\/index.php\/wp-json\/wp\/v2\/product_tag?post=1609"}],"curies":[{"name":"wp","href":"https:\/\/api.w.org\/{rel}","templated":true}]}}