{"id":1728,"date":"2025-01-16T19:36:33","date_gmt":"2025-01-16T19:36:33","guid":{"rendered":"https:\/\/locacao.luzemacao.com\/?post_type=product&#038;p=1728"},"modified":"2025-01-16T20:08:04","modified_gmt":"2025-01-16T20:08:04","slug":"aputure-amaram-300c-rgb","status":"publish","type":"product","link":"https:\/\/locacao.luzemacao.com\/index.php\/product\/aputure-amaram-300c-rgb\/","title":{"rendered":"Aputure Amaram 300c RGB"},"content":{"rendered":"<ul class=\"ui-vpp-highlighted-specs__features-list\">\n<li class=\"ui-vpp-highlighted-specs__features-list-item ui-pdp-color--BLACK ui-pdp-size--XSMALL ui-pdp-family--REGULAR\">Cor da luz: RGB<\/li>\n<li class=\"ui-vpp-highlighted-specs__features-list-item ui-pdp-color--BLACK ui-pdp-size--XSMALL ui-pdp-family--REGULAR\">Temperatura de cor m\u00ednima de 2500K e m\u00e1xima de 7500K.<\/li>\n<li class=\"ui-vpp-highlighted-specs__features-list-item ui-pdp-color--BLACK ui-pdp-size--XSMALL ui-pdp-family--REGULAR\">Pot\u00eancia de: 300W.<\/li>\n<li class=\"ui-vpp-highlighted-specs__features-list-item ui-pdp-color--BLACK ui-pdp-size--XSMALL ui-pdp-family--REGULAR\">Tem um dimmer.<\/li>\n<\/ul>\n<p>O Iluminador Led Amaran 300c Rgb \u00e9 perfeito para criar uma ilumina\u00e7\u00e3o cont\u00ednua de alta qualidade. Com sua pot\u00eancia de 300W, ele oferece uma ampla gama de cores e temperaturas, permitindo que voc\u00ea crie o ambiente perfeito para suas fotos ou v\u00eddeos. Al\u00e9m disso, sua estrutura cinza-escuro traz um toque de eleg\u00e2ncia ao equipamento. Com a op\u00e7\u00e3o de dimeriza\u00e7\u00e3o, voc\u00ea pode ajustar a intensidade da luz de acordo com suas necessidades. E o melhor de tudo, ele vem com Bluetooth integrado, facilitando o controle e ajuste das configura\u00e7\u00f5es. Aproveite essa oportunidade e adquira agora mesmo o Iluminador Led Amaran 300c Rgb!<\/p>\n","protected":false},"excerpt":{"rendered":"<p>Cor da luz: RGB Temperatura de cor m\u00ednima de 2500K e m\u00e1xima de 7500K. Pot\u00eancia de: 300W. Tem um dimmer. O Iluminador Led Amaran 300c Rgb \u00e9 perfeito para criar uma ilumina\u00e7\u00e3o cont\u00ednua de alta qualidade. Com sua pot\u00eancia de 300W, ele oferece uma ampla gama de cores e temperaturas, permitindo que voc\u00ea crie o &hellip;<\/p>\n<p class=\"read-more\"> <a class=\" thunk-readmore button \" href=\"https:\/\/locacao.luzemacao.com\/index.php\/product\/aputure-amaram-300c-rgb\/\"> <span class=\"screen-reader-text\">Aputure Amaram 300c RGB<\/span>Read More<\/a><\/p>\n","protected":false},"featured_media":1736,"comment_status":"open","ping_status":"closed","template":"","meta":{"_monsterinsights_skip_tracking":false,"_monsterinsights_sitenote_active":false,"_monsterinsights_sitenote_note":"","_monsterinsights_sitenote_category":0},"product_cat":[115,16,74],"product_tag":[54],"aioseo_notices":[],"_links":{"self":[{"href":"https:\/\/locacao.luzemacao.com\/index.php\/wp-json\/wp\/v2\/product\/1728"}],"collection":[{"href":"https:\/\/locacao.luzemacao.com\/index.php\/wp-json\/wp\/v2\/product"}],"about":[{"href":"https:\/\/locacao.luzemacao.com\/index.php\/wp-json\/wp\/v2\/types\/product"}],"replies":[{"embeddable":true,"href":"https:\/\/locacao.luzemacao.com\/index.php\/wp-json\/wp\/v2\/comments?post=1728"}],"wp:featuredmedia":[{"embeddable":true,"href":"https:\/\/locacao.luzemacao.com\/index.php\/wp-json\/wp\/v2\/media\/1736"}],"wp:attachment":[{"href":"https:\/\/locacao.luzemacao.com\/index.php\/wp-json\/wp\/v2\/media?parent=1728"}],"wp:term":[{"taxonomy":"product_cat","embeddable":true,"href":"https:\/\/locacao.luzemacao.com\/index.php\/wp-json\/wp\/v2\/product_cat?post=1728"},{"taxonomy":"product_tag","embeddable":true,"href":"https:\/\/locacao.luzemacao.com\/index.php\/wp-json\/wp\/v2\/product_tag?post=1728"}],"curies":[{"name":"wp","href":"https:\/\/api.w.org\/{rel}","templated":true}]}}