{"id":1794,"date":"2025-06-11T18:55:40","date_gmt":"2025-06-11T18:55:40","guid":{"rendered":"https:\/\/locacao.luzemacao.com\/?post_type=product&#038;p=1794"},"modified":"2025-06-11T19:49:53","modified_gmt":"2025-06-11T19:49:53","slug":"microfone-sunnheiser-e835-dinamico-cardioide","status":"publish","type":"product","link":"https:\/\/locacao.luzemacao.com\/index.php\/product\/microfone-sunnheiser-e835-dinamico-cardioide\/","title":{"rendered":"Microfone Sunnheiser e835 (Din\u00e2mico Cardi\u00f3ide)"},"content":{"rendered":"<p>Microfone robusto e confi\u00e1vel para voz direta, entrevistas e making of<br \/>\nExcelente rejei\u00e7\u00e3o de som fora do eixo (cardioide), ideal para ambientes controlados ou loca\u00e7\u00f5es<br \/>\n\u00d3tima presen\u00e7a vocal, com som limpo e definido<br \/>\nCorpo met\u00e1lico resistente \u2013 aguenta bem o ritmo de set<br \/>\nConex\u00e3o XLR \u2013 compat\u00edvel com gravadores, mixers e transmissores plug-on<\/p>\n<p>Indicado para:<\/p>\n<ul>\n<li data-start=\"601\" data-end=\"635\">Entrevistas de rua ou em loca\u00e7\u00e3o<\/li>\n<li data-start=\"601\" data-end=\"635\">Making of e bastidores<\/li>\n<li data-start=\"601\" data-end=\"635\">Aplica\u00e7\u00f5es com transmissor plug-on<\/li>\n<li data-start=\"601\" data-end=\"635\">Situa\u00e7\u00f5es onde condensadores s\u00e3o sens\u00edveis demais<\/li>\n<\/ul>\n","protected":false},"excerpt":{"rendered":"<p>Microfone robusto e confi\u00e1vel para voz direta, entrevistas e making of Excelente rejei\u00e7\u00e3o de som fora do eixo (cardioide), ideal para ambientes controlados ou loca\u00e7\u00f5es \u00d3tima presen\u00e7a vocal, com som limpo e definido Corpo met\u00e1lico resistente \u2013 aguenta bem o ritmo de set Conex\u00e3o XLR \u2013 compat\u00edvel com gravadores, mixers e transmissores plug-on Indicado para: &hellip;<\/p>\n<p class=\"read-more\"> <a class=\" thunk-readmore button \" href=\"https:\/\/locacao.luzemacao.com\/index.php\/product\/microfone-sunnheiser-e835-dinamico-cardioide\/\"> <span class=\"screen-reader-text\">Microfone Sunnheiser e835 (Din\u00e2mico Cardi\u00f3ide)<\/span>Read More<\/a><\/p>\n","protected":false},"featured_media":1798,"comment_status":"open","ping_status":"closed","template":"","meta":{"_monsterinsights_skip_tracking":false,"_monsterinsights_sitenote_active":false,"_monsterinsights_sitenote_note":"","_monsterinsights_sitenote_category":0},"product_cat":[20,50],"product_tag":[72],"aioseo_notices":[],"_links":{"self":[{"href":"https:\/\/locacao.luzemacao.com\/index.php\/wp-json\/wp\/v2\/product\/1794"}],"collection":[{"href":"https:\/\/locacao.luzemacao.com\/index.php\/wp-json\/wp\/v2\/product"}],"about":[{"href":"https:\/\/locacao.luzemacao.com\/index.php\/wp-json\/wp\/v2\/types\/product"}],"replies":[{"embeddable":true,"href":"https:\/\/locacao.luzemacao.com\/index.php\/wp-json\/wp\/v2\/comments?post=1794"}],"wp:featuredmedia":[{"embeddable":true,"href":"https:\/\/locacao.luzemacao.com\/index.php\/wp-json\/wp\/v2\/media\/1798"}],"wp:attachment":[{"href":"https:\/\/locacao.luzemacao.com\/index.php\/wp-json\/wp\/v2\/media?parent=1794"}],"wp:term":[{"taxonomy":"product_cat","embeddable":true,"href":"https:\/\/locacao.luzemacao.com\/index.php\/wp-json\/wp\/v2\/product_cat?post=1794"},{"taxonomy":"product_tag","embeddable":true,"href":"https:\/\/locacao.luzemacao.com\/index.php\/wp-json\/wp\/v2\/product_tag?post=1794"}],"curies":[{"name":"wp","href":"https:\/\/api.w.org\/{rel}","templated":true}]}}