{"id":1849,"date":"2026-02-24T19:13:38","date_gmt":"2026-02-24T19:13:38","guid":{"rendered":"https:\/\/locacao.luzemacao.com\/?post_type=product&#038;p=1849"},"modified":"2026-02-24T19:20:48","modified_gmt":"2026-02-24T19:20:48","slug":"cadeira-dobravel","status":"publish","type":"product","link":"https:\/\/locacao.luzemacao.com\/index.php\/product\/cadeira-dobravel\/","title":{"rendered":"Cadeira Dobr\u00e1vel de Produ\u00e7\u00e3o"},"content":{"rendered":"<p>Cadeiras leves, pr\u00e1ticas e elegantes.<\/p>\n<p>Dispomos de 4 unidades.<\/p>\n","protected":false},"excerpt":{"rendered":"<p>Cadeiras leves, pr\u00e1ticas e elegantes. Dispomos de 4 unidades.<\/p>\n","protected":false},"featured_media":1853,"comment_status":"open","ping_status":"closed","template":"","meta":{"_monsterinsights_skip_tracking":false,"_monsterinsights_sitenote_active":false,"_monsterinsights_sitenote_note":"","_monsterinsights_sitenote_category":0},"product_cat":[44,62],"product_tag":[144,145,147,146],"aioseo_notices":[],"_links":{"self":[{"href":"https:\/\/locacao.luzemacao.com\/index.php\/wp-json\/wp\/v2\/product\/1849"}],"collection":[{"href":"https:\/\/locacao.luzemacao.com\/index.php\/wp-json\/wp\/v2\/product"}],"about":[{"href":"https:\/\/locacao.luzemacao.com\/index.php\/wp-json\/wp\/v2\/types\/product"}],"replies":[{"embeddable":true,"href":"https:\/\/locacao.luzemacao.com\/index.php\/wp-json\/wp\/v2\/comments?post=1849"}],"wp:featuredmedia":[{"embeddable":true,"href":"https:\/\/locacao.luzemacao.com\/index.php\/wp-json\/wp\/v2\/media\/1853"}],"wp:attachment":[{"href":"https:\/\/locacao.luzemacao.com\/index.php\/wp-json\/wp\/v2\/media?parent=1849"}],"wp:term":[{"taxonomy":"product_cat","embeddable":true,"href":"https:\/\/locacao.luzemacao.com\/index.php\/wp-json\/wp\/v2\/product_cat?post=1849"},{"taxonomy":"product_tag","embeddable":true,"href":"https:\/\/locacao.luzemacao.com\/index.php\/wp-json\/wp\/v2\/product_tag?post=1849"}],"curies":[{"name":"wp","href":"https:\/\/api.w.org\/{rel}","templated":true}]}}