{"id":1856,"date":"2026-02-25T16:23:37","date_gmt":"2026-02-25T16:23:37","guid":{"rendered":"https:\/\/locacao.luzemacao.com\/?post_type=product&#038;p=1856"},"modified":"2026-02-25T18:26:08","modified_gmt":"2026-02-25T18:26:08","slug":"tripe-leve-aco-inox","status":"publish","type":"product","link":"https:\/\/locacao.luzemacao.com\/index.php\/product\/tripe-leve-aco-inox\/","title":{"rendered":"Trip\u00e9 A\u00e7o Inox Leve e Refor\u00e7ado"},"content":{"rendered":"<p>Trata-se de um exemplar extremamente vers\u00e1til, dispondo de rosca dupla de 1\/4 &#8220;e 3\/8&#8221; e encaixe lateral.<\/p>\n<p>Altura m\u00e1xima de 2,80m<\/p>\n<p>Suporta luzes leves e m\u00e9dias e \u00e9 bem elegante.<\/p>\n<p>Dispomos de 5 unidades na Locadora<\/p>\n<p>&nbsp;<\/p>\n","protected":false},"excerpt":{"rendered":"<p>Trata-se de um exemplar extremamente vers\u00e1til, dispondo de rosca dupla de 1\/4 &#8220;e 3\/8&#8221; e encaixe lateral. Altura m\u00e1xima de 2,80m Suporta luzes leves e m\u00e9dias e \u00e9 bem elegante. Dispomos de 5 unidades na Locadora &nbsp;<\/p>\n","protected":false},"featured_media":1862,"comment_status":"open","ping_status":"closed","template":"","meta":{"_monsterinsights_skip_tracking":false,"_monsterinsights_sitenote_active":false,"_monsterinsights_sitenote_note":"","_monsterinsights_sitenote_category":0},"product_cat":[42,95],"product_tag":[96],"aioseo_notices":[],"_links":{"self":[{"href":"https:\/\/locacao.luzemacao.com\/index.php\/wp-json\/wp\/v2\/product\/1856"}],"collection":[{"href":"https:\/\/locacao.luzemacao.com\/index.php\/wp-json\/wp\/v2\/product"}],"about":[{"href":"https:\/\/locacao.luzemacao.com\/index.php\/wp-json\/wp\/v2\/types\/product"}],"replies":[{"embeddable":true,"href":"https:\/\/locacao.luzemacao.com\/index.php\/wp-json\/wp\/v2\/comments?post=1856"}],"wp:featuredmedia":[{"embeddable":true,"href":"https:\/\/locacao.luzemacao.com\/index.php\/wp-json\/wp\/v2\/media\/1862"}],"wp:attachment":[{"href":"https:\/\/locacao.luzemacao.com\/index.php\/wp-json\/wp\/v2\/media?parent=1856"}],"wp:term":[{"taxonomy":"product_cat","embeddable":true,"href":"https:\/\/locacao.luzemacao.com\/index.php\/wp-json\/wp\/v2\/product_cat?post=1856"},{"taxonomy":"product_tag","embeddable":true,"href":"https:\/\/locacao.luzemacao.com\/index.php\/wp-json\/wp\/v2\/product_tag?post=1856"}],"curies":[{"name":"wp","href":"https:\/\/api.w.org\/{rel}","templated":true}]}}