{"id":1878,"date":"2026-04-27T14:06:48","date_gmt":"2026-04-27T14:06:48","guid":{"rendered":"https:\/\/locacao.luzemacao.com\/?post_type=product&#038;p=1878"},"modified":"2026-04-27T14:27:13","modified_gmt":"2026-04-27T14:27:13","slug":"balao-chines-greika-45cm","status":"publish","type":"product","link":"https:\/\/locacao.luzemacao.com\/index.php\/product\/balao-chines-greika-45cm\/","title":{"rendered":"Bal\u00e3o Chin\u00eas Softbox Greika 45cm"},"content":{"rendered":"<ul class=\"ui-vpp-highlighted-specs__features-list\">\n<li class=\"ui-vpp-highlighted-specs__features-list-item ui-pdp-color--BLACK ui-pdp-size--XSMALL ui-pdp-family--REGULAR\">Cor do difusor: Branco.<\/li>\n<li class=\"ui-vpp-highlighted-specs__features-list-item ui-pdp-color--BLACK ui-pdp-size--XSMALL ui-pdp-family--REGULAR\">Forma circular tipo lanterna japonesa.<\/li>\n<li class=\"ui-vpp-highlighted-specs__features-list-item ui-pdp-color--BLACK ui-pdp-size--XSMALL ui-pdp-family--REGULAR\">Encaixe padr\u00e3o Bowens compat\u00edvel com diversos flashes e iluminadores.<\/li>\n<li class=\"ui-vpp-highlighted-specs__features-list-item ui-pdp-color--BLACK ui-pdp-size--XSMALL ui-pdp-family--REGULAR\">Di\u00e2metro de 45 cm para melhor difus\u00e3o da luz.<\/li>\n<li class=\"ui-vpp-highlighted-specs__features-list-item ui-pdp-color--BLACK ui-pdp-size--XSMALL ui-pdp-family--REGULAR\">Profundidade de 40 cm para performance otimizada.<\/li>\n<li class=\"ui-vpp-highlighted-specs__features-list-item ui-pdp-color--BLACK ui-pdp-size--XSMALL ui-pdp-family--REGULAR\">Leve e port\u00e1til com apenas 700 g.<\/li>\n<li class=\"ui-vpp-highlighted-specs__features-list-item ui-pdp-color--BLACK ui-pdp-size--XSMALL ui-pdp-family--REGULAR\">Bolsa para transporte inclu\u00edda para facilidade de transporte.<\/li>\n<\/ul>\n","protected":false},"excerpt":{"rendered":"<p>Cor do difusor: Branco. Forma circular tipo lanterna japonesa. Encaixe padr\u00e3o Bowens compat\u00edvel com diversos flashes e iluminadores. Di\u00e2metro de 45 cm para melhor difus\u00e3o da luz. Profundidade de 40 cm para performance otimizada. Leve e port\u00e1til com apenas 700 g. Bolsa para transporte inclu\u00edda para facilidade de transporte.<\/p>\n","protected":false},"featured_media":1882,"comment_status":"open","ping_status":"closed","template":"","meta":{"_monsterinsights_skip_tracking":false,"_monsterinsights_sitenote_active":false,"_monsterinsights_sitenote_note":"","_monsterinsights_sitenote_category":0},"product_cat":[16,66],"product_tag":[54],"aioseo_notices":[],"_links":{"self":[{"href":"https:\/\/locacao.luzemacao.com\/index.php\/wp-json\/wp\/v2\/product\/1878"}],"collection":[{"href":"https:\/\/locacao.luzemacao.com\/index.php\/wp-json\/wp\/v2\/product"}],"about":[{"href":"https:\/\/locacao.luzemacao.com\/index.php\/wp-json\/wp\/v2\/types\/product"}],"replies":[{"embeddable":true,"href":"https:\/\/locacao.luzemacao.com\/index.php\/wp-json\/wp\/v2\/comments?post=1878"}],"wp:featuredmedia":[{"embeddable":true,"href":"https:\/\/locacao.luzemacao.com\/index.php\/wp-json\/wp\/v2\/media\/1882"}],"wp:attachment":[{"href":"https:\/\/locacao.luzemacao.com\/index.php\/wp-json\/wp\/v2\/media?parent=1878"}],"wp:term":[{"taxonomy":"product_cat","embeddable":true,"href":"https:\/\/locacao.luzemacao.com\/index.php\/wp-json\/wp\/v2\/product_cat?post=1878"},{"taxonomy":"product_tag","embeddable":true,"href":"https:\/\/locacao.luzemacao.com\/index.php\/wp-json\/wp\/v2\/product_tag?post=1878"}],"curies":[{"name":"wp","href":"https:\/\/api.w.org\/{rel}","templated":true}]}}