{"id":278,"date":"2022-10-19T17:52:44","date_gmt":"2022-10-19T17:52:44","guid":{"rendered":"https:\/\/locacao.luzemacao.com\/?post_type=product&#038;p=278"},"modified":"2026-04-20T19:16:47","modified_gmt":"2026-04-20T19:16:47","slug":"aputure-light-storm-ls-120d-ii-daylight","status":"publish","type":"product","link":"https:\/\/locacao.luzemacao.com\/index.php\/product\/aputure-light-storm-ls-120d-ii-daylight\/","title":{"rendered":"Aputure Light Storm LS 120D II Daylight"},"content":{"rendered":"<p>Com 25% mais brilho do que seu antecessor, controle DMX e um garfo de trava de freio de m\u00e3o redesenhado, o Light Storm LS C120D II Daylight LED Light da Aputure \u00e9 um acess\u00f3rio chip-on-board (COB) com uma temperatura de cor de 5500K. Ele consome insignificantes 180W de pot\u00eancia enquanto produz 135.000 lux, equivalente a uma luz quente de 1000W a uma dist\u00e2ncia de 1,6\u2032 com um Fresnel opcional. Al\u00e9m da efici\u00eancia de energia, o equipamento tamb\u00e9m apresenta uma alta classifica\u00e7\u00e3o CRI\/TLCI de 96\/97, um indicador de renderiza\u00e7\u00e3o precisa de cores.<\/p>\n<p>Ideal para ambientes sens\u00edveis ao som, o LS C120D II \u00e9 visto, mas n\u00e3o ouvido, gra\u00e7as a um sistema de refrigera\u00e7\u00e3o inteligente que emprega um ventilador sens\u00edvel \u00e0 temperatura para regular o calor. H\u00e1 tamb\u00e9m um bot\u00e3o Auto\/Force que aciona o resfriamento m\u00e1ximo. De qualquer forma, mesmo na pot\u00eancia m\u00e1xima, o ru\u00eddo do ventilador n\u00e3o ultrapassa os 18 dB: basicamente o som de uma pessoa respirando.<\/p>\n<p>O desempenho do LS C120D II \u00e9 apoiado pelo seu design. A constru\u00e7\u00e3o totalmente em alum\u00ednio passa por mais de cem etapas de fabrica\u00e7\u00e3o. A montagem do refletor e acess\u00f3rio \u00e9 do tipo Bowens S, amplamente utilizado, enquanto o controlador com fio \u00e9 separado do corpo da lumin\u00e1ria, tornando-a mais leve e reduzindo seu tamanho. Voc\u00ea pode fazer ajustes de intensidade de luz localmente no aparelho ou remotamente com um controle remoto sem fio inclu\u00eddo que permite controlar as fun\u00e7\u00f5es de escurecimento a uma dist\u00e2ncia de at\u00e9 328 p\u00e9s. Ainda outra maneira de ligar e desligar a luz ou reduzi-la de 1-100% \u00e9 via DMX a bordo remotamente a partir de um console. O LS C120D II est\u00e1 pronto para uso mundial gra\u00e7as \u00e0 fonte de alimenta\u00e7\u00e3o de 110-240 VCA do seu controlador. Voc\u00ea tamb\u00e9m pode usar sua placa de bateria de montagem em V para alimenta\u00e7\u00e3o de bateria externa quando a alimenta\u00e7\u00e3o principal n\u00e3o estiver dispon\u00edvel. O LS C120D II \u00e9 fornecido como um kit com refletor, controlador e uma bolsa de transporte dedicada para proteger a luz durante a viagem e armazenamento.<\/p>\n<h5>25% mais brilhante que o antecessor<\/h5>\n<p>O LS C120D II possui uma lumin\u00e2ncia de 135.000 lux a 1,6\u2032 de dist\u00e2ncia com o Aputure Fresnel opcional. Com um brilho aproximado equivalente a uma luz de tungst\u00eanio de 1000 W, o C120D II \u00e9 quase 25% mais brilhante que o C120D de 1\u00aa gera\u00e7\u00e3o, tornando-o competitivo com algumas das luzes de est\u00fadio de maior qualidade do mercado.<\/p>\n<h5>Cor precisa<\/h5>\n<p>O LS C120 II possui um CRI de 96 e uma temperatura de cor de 5500K. Al\u00e9m disso, seu TLCI foi medido em at\u00e9 97. TLCI Television Lighting Consistency Index \u00e9 a medi\u00e7\u00e3o precisa da fidelidade de cores de uma fonte de luz para uso em broadcast; uma classifica\u00e7\u00e3o alta mostra que uma fonte de luz renderizar\u00e1 bem as cores em um contexto de filme ou fotografia. Portanto, o LS C120D II exibir\u00e1 cores naturais em aplicativos de foto e v\u00eddeo.<\/p>\n<h5>Capacidade DMX512<\/h5>\n<p>DMX \u00e9 o padr\u00e3o mundial da ind\u00fastria para est\u00fadios de cinema e televis\u00e3o, teatro, transmiss\u00e3o e todas as formas de sistemas de rede digital. O C120D II vem com capacidade DMX, permitindo que os est\u00fadios maximizem sua gama de usos para seu arsenal de ilumina\u00e7\u00e3o.<\/p>\n<h5>Controlador-Unidade Combinada<\/h5>\n<p>O C120D II \u00e9 alimentado por uma \u00fanica caixa de alimenta\u00e7\u00e3o completa. Feito de alum\u00ednio para aeronaves, mas mantendo sua constru\u00e7\u00e3o leve, uma \u00fanica unidade de energia significa menos cabeamento e componentes de energia para que os cineastas gastem menos tempo configurando sua luz e mais tempo sendo criativos.<\/p>\n<h5>Fechaduras de Cabo Neutrik<\/h5>\n<p>Os sistemas de cabos Neutrik codificados por cores permitem mais flexibilidade no local onde sua luz pode ser colocada, e os sistemas de travamento avan\u00e7ados garantem a m\u00e1xima seguran\u00e7a, independentemente dos desafios e do ambiente do seu aparelho.<\/p>\n<h5>Garfo de travamento do freio de m\u00e3o<\/h5>\n<p>Uma constru\u00e7\u00e3o de garfo redesenhada acomoda uma amplitude de movimento expandida de mais de 330\u00b0, permitindo que voc\u00ea incline e aponte sua luz para qualquer lugar que precisar. Um design de al\u00e7a de m\u00e3o aprimorado e f\u00e1cil de usar tamb\u00e9m contribui para controles altamente intuitivos.<\/p>\n<h5>O mais brilhante ou o mais escuro<\/h5>\n<p>O LS C120D II pegou os controles de precis\u00e3o do C120D e os expandiu ainda mais, permitindo um escurecimento cont\u00ednuo de 1 a 100%.<\/p>\n<h5>Auto\/For\u00e7a: Poderoso Controle de Temperatura<\/h5>\n<p>O LS C120D II possui um sistema inteligente de controle de temperatura. A rota\u00e7\u00e3o do ventilador ser\u00e1 variada com base na temperatura ambiente correspondente. O ventilador tamb\u00e9m pode atingir a rota\u00e7\u00e3o m\u00e1xima quando voc\u00ea ativa o modo Auto\/Force. Este complexo sistema de ventiladores melhora a efici\u00eancia de dissipa\u00e7\u00e3o de calor e a vida \u00fatil do LED.<\/p>\n<h5>Opera\u00e7\u00e3o silenciosa<\/h5>\n<p>Algumas luzes que utilizam um sistema de ventiladores s\u00e3o muito altas e n\u00e3o s\u00e3o adequadas para produ\u00e7\u00e3o de filmes ou v\u00eddeos. No entanto, o LS C120D II com seu ventilador el\u00e9trico embutido produz apenas 18 dB de ru\u00eddo, semelhante ao som da respira\u00e7\u00e3o de uma pessoa. Isso significa que h\u00e1 um ru\u00eddo insignificante do ventilador, mesmo na sa\u00edda m\u00e1xima.<\/p>\n<h5>Port\u00e1til e Leve<\/h5>\n<p>Portabilidade e leveza s\u00e3o caracter\u00edsticas que muitos fot\u00f3grafos e cineastas podem apreciar em equipamentos, e o LS C120D II pesa 4,8 lb.<\/p>\n<h5>Design inteligente<\/h5>\n<p>Apresentando um corpo de alum\u00ednio para aeronaves, o LS C120D II \u00e9 resistente e dur\u00e1vel. S\u00e3o empregados mais de 100 procedimentos de fabrica\u00e7\u00e3o, como extrus\u00e3o, corte, corte, jateamento de areia e grava\u00e7\u00e3o a laser.<\/p>\n","protected":false},"excerpt":{"rendered":"<p>Com 25% mais brilho do que seu antecessor, controle DMX e um garfo de trava de freio de m\u00e3o redesenhado, o Light Storm LS C120D II Daylight LED Light da Aputure \u00e9 um acess\u00f3rio chip-on-board (COB) com uma temperatura de cor de 5500K. Ele consome insignificantes 180W de pot\u00eancia enquanto produz 135.000 lux, equivalente a &hellip;<\/p>\n<p class=\"read-more\"> <a class=\" thunk-readmore button \" href=\"https:\/\/locacao.luzemacao.com\/index.php\/product\/aputure-light-storm-ls-120d-ii-daylight\/\"> <span class=\"screen-reader-text\">Aputure Light Storm LS 120D II Daylight<\/span>Read More<\/a><\/p>\n","protected":false},"featured_media":279,"comment_status":"open","ping_status":"closed","template":"","meta":{"_monsterinsights_skip_tracking":false,"_monsterinsights_sitenote_active":false,"_monsterinsights_sitenote_note":"","_monsterinsights_sitenote_category":0},"product_cat":[75,16,74],"product_tag":[54,55],"aioseo_notices":[],"_links":{"self":[{"href":"https:\/\/locacao.luzemacao.com\/index.php\/wp-json\/wp\/v2\/product\/278"}],"collection":[{"href":"https:\/\/locacao.luzemacao.com\/index.php\/wp-json\/wp\/v2\/product"}],"about":[{"href":"https:\/\/locacao.luzemacao.com\/index.php\/wp-json\/wp\/v2\/types\/product"}],"replies":[{"embeddable":true,"href":"https:\/\/locacao.luzemacao.com\/index.php\/wp-json\/wp\/v2\/comments?post=278"}],"wp:featuredmedia":[{"embeddable":true,"href":"https:\/\/locacao.luzemacao.com\/index.php\/wp-json\/wp\/v2\/media\/279"}],"wp:attachment":[{"href":"https:\/\/locacao.luzemacao.com\/index.php\/wp-json\/wp\/v2\/media?parent=278"}],"wp:term":[{"taxonomy":"product_cat","embeddable":true,"href":"https:\/\/locacao.luzemacao.com\/index.php\/wp-json\/wp\/v2\/product_cat?post=278"},{"taxonomy":"product_tag","embeddable":true,"href":"https:\/\/locacao.luzemacao.com\/index.php\/wp-json\/wp\/v2\/product_tag?post=278"}],"curies":[{"name":"wp","href":"https:\/\/api.w.org\/{rel}","templated":true}]}}