{"id":323,"date":"2022-10-19T19:35:48","date_gmt":"2022-10-19T19:35:48","guid":{"rendered":"https:\/\/locacao.luzemacao.com\/?post_type=product&#038;p=323"},"modified":"2025-05-12T15:49:20","modified_gmt":"2025-05-12T15:49:20","slug":"lente-fresnel-2x-para-aputure","status":"publish","type":"product","link":"https:\/\/locacao.luzemacao.com\/index.php\/product\/lente-fresnel-2x-para-aputure\/","title":{"rendered":"Lente Fresnel 2X para Aputure"},"content":{"rendered":"<p>Feito exclusivamente para o Aputure LS C120d, LS C120d II, LS C300d, o acess\u00f3rio Fresnel 2X oferece um spread de feixe vari\u00e1vel de 12 a 40 graus. Um produto biol\u00f3gico valioso desse design aprimorado \u00e9 a capacidade de intensificar a sa\u00edda da luz! O LS 120d II da Aputure, por exemplo, \u00e9 capaz de produzir at\u00e9 14x sua pot\u00eancia padr\u00e3o, gra\u00e7as ao design de lente dupla do Fresnel. O Fresnel 2X vem com um estojo acolchoado para armazenamento e transporte.<br \/>\nAumento do brilho<br \/>\nO design aprimorado apresenta elementos \u00f3pticos duplos, uma lente Fresnel frontal maior de 6 &#8220;, ventila\u00e7\u00e3o aprimorada e vazamentos de luz minimizados.<br \/>\nDesign de lente dupla<br \/>\nA lente traseira focaliza e amplia o feixe para a lente Fresnel frontal maior de 6 &#8220;, com desempenho zero desperdi\u00e7ado. O design \u00f3ptico de lente dupla torna o Fresnel 2X duas vezes mais poderoso que o Aputure Fresnel original e torna o LS C120d II at\u00e9 14- vezes mais brilhante.<br \/>\nProjeto rotativo<br \/>\nAo utilizar um design de barril rotativo, o Fresnel 2X cria uma experi\u00eancia intuitiva para o usu\u00e1rio, semelhante a uma lente de c\u00e2mera. O foco suave oferece aos usu\u00e1rios a capacidade de ajustar com precis\u00e3o o \u00e2ngulo do feixe de sua fonte de luz, permitindo que eles localizem ou inundem facilmente a luz com um simples toque.<br \/>\nEspecifica\u00e7\u00f5es:<br \/>\n\u00c2ngulo do feixe: 12-40 \u00b0<br \/>\nMontagem: Bowens<br \/>\nFotometria: Ponto de 12 \u00b0 a 3,28 &#8216;\/ 1,0 m com LS C120d Sem lente: 3400 lux Com lente: 46.000 lux<br \/>\nDimens\u00f5es: Di\u00e2metro da lente: 15,2 cm<br \/>\nMacac\u00e3o: 180 x 180 x 141 mm<br \/>\nPeso: 1,24 kg<br \/>\nConte\u00fado:<br \/>\n01- Aputure Fresnel 2X<br \/>\n01- Case<\/p>\n","protected":false},"excerpt":{"rendered":"<p>Feito exclusivamente para o Aputure LS C120d, LS C120d II, LS C300d, o acess\u00f3rio Fresnel 2X oferece um spread de feixe vari\u00e1vel de 12 a 40 graus. Um produto biol\u00f3gico valioso desse design aprimorado \u00e9 a capacidade de intensificar a sa\u00edda da luz! O LS 120d II da Aputure, por exemplo, \u00e9 capaz de produzir &hellip;<\/p>\n<p class=\"read-more\"> <a class=\" thunk-readmore button \" href=\"https:\/\/locacao.luzemacao.com\/index.php\/product\/lente-fresnel-2x-para-aputure\/\"> <span class=\"screen-reader-text\">Lente Fresnel 2X para Aputure<\/span>Read More<\/a><\/p>\n","protected":false},"featured_media":324,"comment_status":"open","ping_status":"closed","template":"","meta":{"_monsterinsights_skip_tracking":false,"_monsterinsights_sitenote_active":false,"_monsterinsights_sitenote_note":"","_monsterinsights_sitenote_category":0},"product_cat":[75,16,66],"product_tag":[54],"aioseo_notices":[],"_links":{"self":[{"href":"https:\/\/locacao.luzemacao.com\/index.php\/wp-json\/wp\/v2\/product\/323"}],"collection":[{"href":"https:\/\/locacao.luzemacao.com\/index.php\/wp-json\/wp\/v2\/product"}],"about":[{"href":"https:\/\/locacao.luzemacao.com\/index.php\/wp-json\/wp\/v2\/types\/product"}],"replies":[{"embeddable":true,"href":"https:\/\/locacao.luzemacao.com\/index.php\/wp-json\/wp\/v2\/comments?post=323"}],"wp:featuredmedia":[{"embeddable":true,"href":"https:\/\/locacao.luzemacao.com\/index.php\/wp-json\/wp\/v2\/media\/324"}],"wp:attachment":[{"href":"https:\/\/locacao.luzemacao.com\/index.php\/wp-json\/wp\/v2\/media?parent=323"}],"wp:term":[{"taxonomy":"product_cat","embeddable":true,"href":"https:\/\/locacao.luzemacao.com\/index.php\/wp-json\/wp\/v2\/product_cat?post=323"},{"taxonomy":"product_tag","embeddable":true,"href":"https:\/\/locacao.luzemacao.com\/index.php\/wp-json\/wp\/v2\/product_tag?post=323"}],"curies":[{"name":"wp","href":"https:\/\/api.w.org\/{rel}","templated":true}]}}