{"id":364,"date":"2022-10-19T23:19:52","date_gmt":"2022-10-19T23:19:52","guid":{"rendered":"https:\/\/locacao.luzemacao.com\/?post_type=product&#038;p=364"},"modified":"2024-06-11T18:02:01","modified_gmt":"2024-06-11T18:02:01","slug":"microfone-rode-ntg-3","status":"publish","type":"product","link":"https:\/\/locacao.luzemacao.com\/index.php\/product\/microfone-rode-ntg-3\/","title":{"rendered":"Microfone Rode NTG-3"},"content":{"rendered":"<ul class=\"ui-vpp-highlighted-specs__features-list\">\n<li class=\"ui-vpp-highlighted-specs__features-list-item ui-pdp-color--BLACK ui-pdp-size--XSMALL ui-pdp-family--REGULAR\">Formato: shotgun.<\/li>\n<li class=\"ui-vpp-highlighted-specs__features-list-item ui-pdp-color--BLACK ui-pdp-size--XSMALL ui-pdp-family--REGULAR\">Frequ\u00eancia m\u00e1xima: 20kHz.<\/li>\n<li class=\"ui-vpp-highlighted-specs__features-list-item ui-pdp-color--BLACK ui-pdp-size--XSMALL ui-pdp-family--REGULAR\">Frequ\u00eancia m\u00ednima: 20Hz.<\/li>\n<\/ul>\n<p>A Rode oferece modelos de microfones com uma rela\u00e7\u00e3o qualidade pre\u00e7o muito boa. Os produtos da Rode s\u00e3o vendidos em 117 pa\u00edses, e continuam crescendo, isto o torna a marca em uma empresa verdadeiramente global.<\/p>\n<p>Um formato que combina com voc\u00ea<br \/>\nSendo condensador, vai permitir um resultado claro e fino. \u00c9 ideal para percuss\u00f5es, guitarras, pianos, entre outros. Pela sua resposta t\u00e3o definida \u00e0 voz, \u00e9 o mais escolhido pelos profissionais.<\/p>\n<p>Design eficaz<br \/>\nSeu padr\u00e3o polar supercardi\u00f3ide oferece uma sensibilidade particularmente direcionada em dire\u00e7\u00e3o ao som que vem da frente, o que ir\u00e1 reduzir o impacto no ambiente.<\/p>\n","protected":false},"excerpt":{"rendered":"<p>Formato: shotgun. Frequ\u00eancia m\u00e1xima: 20kHz. Frequ\u00eancia m\u00ednima: 20Hz. A Rode oferece modelos de microfones com uma rela\u00e7\u00e3o qualidade pre\u00e7o muito boa. Os produtos da Rode s\u00e3o vendidos em 117 pa\u00edses, e continuam crescendo, isto o torna a marca em uma empresa verdadeiramente global. Um formato que combina com voc\u00ea Sendo condensador, vai permitir um resultado &hellip;<\/p>\n<p class=\"read-more\"> <a class=\" thunk-readmore button \" href=\"https:\/\/locacao.luzemacao.com\/index.php\/product\/microfone-rode-ntg-3\/\"> <span class=\"screen-reader-text\">Microfone Rode NTG-3<\/span>Read More<\/a><\/p>\n","protected":false},"featured_media":356,"comment_status":"open","ping_status":"closed","template":"","meta":{"_monsterinsights_skip_tracking":false,"_monsterinsights_sitenote_active":false,"_monsterinsights_sitenote_note":"","_monsterinsights_sitenote_category":0},"product_cat":[20,50],"product_tag":[],"aioseo_notices":[],"_links":{"self":[{"href":"https:\/\/locacao.luzemacao.com\/index.php\/wp-json\/wp\/v2\/product\/364"}],"collection":[{"href":"https:\/\/locacao.luzemacao.com\/index.php\/wp-json\/wp\/v2\/product"}],"about":[{"href":"https:\/\/locacao.luzemacao.com\/index.php\/wp-json\/wp\/v2\/types\/product"}],"replies":[{"embeddable":true,"href":"https:\/\/locacao.luzemacao.com\/index.php\/wp-json\/wp\/v2\/comments?post=364"}],"wp:featuredmedia":[{"embeddable":true,"href":"https:\/\/locacao.luzemacao.com\/index.php\/wp-json\/wp\/v2\/media\/356"}],"wp:attachment":[{"href":"https:\/\/locacao.luzemacao.com\/index.php\/wp-json\/wp\/v2\/media?parent=364"}],"wp:term":[{"taxonomy":"product_cat","embeddable":true,"href":"https:\/\/locacao.luzemacao.com\/index.php\/wp-json\/wp\/v2\/product_cat?post=364"},{"taxonomy":"product_tag","embeddable":true,"href":"https:\/\/locacao.luzemacao.com\/index.php\/wp-json\/wp\/v2\/product_tag?post=364"}],"curies":[{"name":"wp","href":"https:\/\/api.w.org\/{rel}","templated":true}]}}