{"id":394,"date":"2022-10-20T16:51:42","date_gmt":"2022-10-20T16:51:42","guid":{"rendered":"https:\/\/locacao.luzemacao.com\/?post_type=product&#038;p=394"},"modified":"2025-04-23T13:02:27","modified_gmt":"2025-04-23T13:02:27","slug":"rokinon-cine-35mm-t1-5-p-canon","status":"publish","type":"product","link":"https:\/\/locacao.luzemacao.com\/index.php\/product\/rokinon-cine-35mm-t1-5-p-canon\/","title":{"rendered":"Rokinon Cine 35mm T1.5 P\/ Canon"},"content":{"rendered":"<p>Utilizando um processo de revestimento de v\u00e1rias camadas para a reprodu\u00e7\u00e3o de cor consistente de lente para lente a Lente Rokinon 24mm T1.5 Cine DS responde ao desafio de montar um conjunto de lentes ao longo do tempo. A lente vem em um Canon F Mount e recursos industriais padr\u00e3o foco orientado e an\u00e9is de \u00edris que compartilham posi\u00e7\u00e3o comum com outras lentes Rokinon Cine DS.<\/p>\n<p>Para auxiliar os puxadores de foco que t\u00eam de trabalhar ambos os lados da lente, as escalas de abertura e foco s\u00e3o marcadas em ambos os lados da lente. Esta lente de 24mm produz um FOV de 84,1\u00b0 quando usado com c\u00e2meras full-frame. As lentes asf\u00e9ricas h\u00edbridas produzem imagens nitidamente definidas com um m\u00ednimo de distor\u00e7\u00e3o e aberra\u00e7\u00f5es crom\u00e1ticas, com uma dist\u00e2ncia m\u00ednima de foco de apenas 10 &#8220;da lente.<\/p>\n<p>Um capuz de lente em forma de p\u00e9talas remov\u00edvel fornece prote\u00e7\u00e3o de flare ao fotografar sem uma caixa mate, Aceita um anel de filtro de 77mm. Observe que algumas c\u00e2meras podem exigir que o bloqueio do obturador seja desativado ao usar essa lente. Lente de 24mm com \u00e2ngulo aproximado de vis\u00e3o de: Moldura Completa: 84,1\u00b0 APS-C: 57,6\u00b0.<\/p>\n<p>As lentes Ultra Multi Coated minimizam o brilho e o efeito fantasma, e as lentes s\u00e3o de cor combinada com um padr\u00e3o eliminando a necessidade de adquirir um conjunto completo de lentes ao mesmo tempo. ED, vidro de dispers\u00e3o extra-low, ajuda a reduzir a aberra\u00e7\u00e3o crom\u00e1tica e pode melhorar o contraste ea satura\u00e7\u00e3o de cor. Engrenagem padr\u00e3o da ind\u00fastria para focos e an\u00e9is de abertura.<\/p>\n<p>Cada lente da s\u00e9rie Rokinon DS compartilha o foco comum e as posi\u00e7\u00f5es do anel de engrenagem da \u00edris, o que acelera as mudan\u00e7as da lente, pois acess\u00f3rios como unidades de foco ou motores de \u00edris n\u00e3o precisam ser reposicionados. Anel de abertura &#8220;De-clicked&#8221; para puxar a \u00edris. Uma dist\u00e2ncia de focagem m\u00ednima de 9,8 permite-lhe aproximar-se do seu objecto. Um parasol de lente tipo p\u00e9talas remov\u00edvel fornece prote\u00e7\u00e3o de alargamento sem uma caixa mate.<\/p>\n<p>Especifica\u00e7\u00f5es da Lente Rokinon 24mm T1.5 Cine DS:<\/p>\n<p>Distancia focal 24mm<br \/>\nAbertura M\u00e1ximo: T1.5<br \/>\nM\u00ednimo: T22<br \/>\nMontagem de lente Canon EF Mount<br \/>\nConstru\u00e7\u00e3o da lente 13 elementos de vidro em 12 grupos<br \/>\nL\u00e2minas de \u00edris 8<br \/>\nDist\u00e2ncia m\u00ednima do foco 9,8 (25cm)<br \/>\n\u00c2ngulo de Vis\u00e3o Moldura Completa: 84.1\u00b0<br \/>\nAPS-C: 57,6\u00b0<br \/>\nDimens\u00f5es 3.27 \/ 83 mm, 3.84 \/ 97.5mm<br \/>\nPeso 615g<\/p>\n","protected":false},"excerpt":{"rendered":"<p>Utilizando um processo de revestimento de v\u00e1rias camadas para a reprodu\u00e7\u00e3o de cor consistente de lente para lente a Lente Rokinon 24mm T1.5 Cine DS responde ao desafio de montar um conjunto de lentes ao longo do tempo. A lente vem em um Canon F Mount e recursos industriais padr\u00e3o foco orientado e an\u00e9is de &hellip;<\/p>\n<p class=\"read-more\"> <a class=\" thunk-readmore button \" href=\"https:\/\/locacao.luzemacao.com\/index.php\/product\/rokinon-cine-35mm-t1-5-p-canon\/\"> <span class=\"screen-reader-text\">Rokinon Cine 35mm T1.5 P\/ Canon<\/span>Read More<\/a><\/p>\n","protected":false},"featured_media":396,"comment_status":"open","ping_status":"closed","template":"","meta":{"_monsterinsights_skip_tracking":false,"_monsterinsights_sitenote_active":false,"_monsterinsights_sitenote_note":"","_monsterinsights_sitenote_category":0},"product_cat":[122,18,67],"product_tag":[],"aioseo_notices":[],"_links":{"self":[{"href":"https:\/\/locacao.luzemacao.com\/index.php\/wp-json\/wp\/v2\/product\/394"}],"collection":[{"href":"https:\/\/locacao.luzemacao.com\/index.php\/wp-json\/wp\/v2\/product"}],"about":[{"href":"https:\/\/locacao.luzemacao.com\/index.php\/wp-json\/wp\/v2\/types\/product"}],"replies":[{"embeddable":true,"href":"https:\/\/locacao.luzemacao.com\/index.php\/wp-json\/wp\/v2\/comments?post=394"}],"wp:featuredmedia":[{"embeddable":true,"href":"https:\/\/locacao.luzemacao.com\/index.php\/wp-json\/wp\/v2\/media\/396"}],"wp:attachment":[{"href":"https:\/\/locacao.luzemacao.com\/index.php\/wp-json\/wp\/v2\/media?parent=394"}],"wp:term":[{"taxonomy":"product_cat","embeddable":true,"href":"https:\/\/locacao.luzemacao.com\/index.php\/wp-json\/wp\/v2\/product_cat?post=394"},{"taxonomy":"product_tag","embeddable":true,"href":"https:\/\/locacao.luzemacao.com\/index.php\/wp-json\/wp\/v2\/product_tag?post=394"}],"curies":[{"name":"wp","href":"https:\/\/api.w.org\/{rel}","templated":true}]}}