{"id":516,"date":"2022-10-26T23:39:28","date_gmt":"2022-10-26T23:39:28","guid":{"rendered":"https:\/\/locacao.luzemacao.com\/?post_type=product&#038;p=516"},"modified":"2023-02-13T14:09:45","modified_gmt":"2023-02-13T14:09:45","slug":"steadicam-pilot","status":"publish","type":"product","link":"https:\/\/locacao.luzemacao.com\/index.php\/product\/steadicam-pilot\/","title":{"rendered":"Steadicam Pilot"},"content":{"rendered":"<p>Sistema de estabiliza\u00e7\u00e3o de c\u00e2mera steadycam<\/p>\n<p>Imagine um mundo em equil\u00edbrio. Imagine a suavidade, liberdade e beleza. Com o sistema de estabiliza\u00e7\u00e3o de c\u00e2mera STEADICAM PILOT AA sua camcorder flutua, sempre de modo equilibrado, longe dos movimentos indesej\u00e1veis de suas m\u00e3os.<\/p>\n<p>Agora voc\u00ea pode mover-se livremente durante a panor\u00e2mica, inclina\u00e7\u00e3o, &#8220;booming&#8221; ou execu\u00e7\u00e3o de sua c\u00e2mera, sem qualquer vibra\u00e7\u00e3o ou instabilidade da mesma.<\/p>\n<p>Os leves sistemas de estabiliza\u00e7\u00e3o de camcorder de m\u00e3o permitem a grava\u00e7\u00e3o de imagens incrivelmente suaves e elegantes, mesmo subindo e descendo escadas rapidamente ou em viagens sobre um terreno irregular.<\/p>\n<p>E quando ocorre uma grava\u00e7\u00e3o normal, como quando o operador est\u00e1 andando ou movendo a c\u00e2mera suavemente em volta de algu\u00e9m, os resultados s\u00e3o igualmente m\u00e1gicos.<\/p>\n<p>Cena ap\u00f3s cena, movimento ap\u00f3s movimento, ele fornece resultados suaves e profissionais. Com o sistema de estabiliza\u00e7\u00e3o de c\u00e2mera STEADICAM PILOT AA, voc\u00ea n\u00e3o precisar\u00e1 mais de um trip\u00e9 ou um dolly. Tudo o que voc\u00ea precisa \u00e9 sua imagina\u00e7\u00e3o.<\/p>\n<p>O STEADICAM PILOT AA \u00e9 um excepcional sistema estabilizador, leve e projetado especificamente para a gama moderna de c\u00e2meras leves de um a cinco quilos.<\/p>\n<p>Ele possui um monitor de 5,8&#8243;, bra\u00e7o iso-elastic e colete de perfil baix\u00edssimo, sled leve com borne CarbonLite expans\u00edvel.<\/p>\n<p><strong>CARACTER\u00cdSTICAS PRINCIPAIS:<\/strong><\/p>\n<p>Op\u00e7\u00e3o VL<\/p>\n<p>A op\u00e7\u00e3o VL permite ao monitor ser alimentado pelas baterias V-Lock incluindo uma montagem de bateria V-Lock.<\/p>\n<p>Bra\u00e7o Iso-Elastic<\/p>\n<p>O bra\u00e7o Iso-Elastic \u00e9 articulado em duas se\u00e7\u00f5es e pode ser ajustado ao suportar a c\u00e2mera. Com esse exclusivo design patenteado, o operador de Steadicam pode levantar ou abaixar o bra\u00e7o pelas 28\u00bf (71,12cm) de extens\u00e3o do boom.<\/p>\n<p>Colete<\/p>\n<p>Um colete discreto permite que o Bra\u00e7o Iso-Elastic funcione perfeitamente.<\/p>\n<p>Gimbal de Baixa Massa<\/p>\n<p>Utilizando um Gimbal de Baixa Massa comprovado, o operador tem a capacidade de capturar o movimento fluido que apenas um Steadicam pode oferecer.<\/p>\n<p>Monitor LCD<\/p>\n<p>Um monitor LCD de 5,8&#8243; e 16:9 \u00e9 oferecido para \u00f3timas imagens e uma atualiza\u00e7\u00e3o para um formato moderno.<\/p>\n<p>\u00cdTENS INCLU\u00cdDOS:<\/p>\n<p>Sistema de Estabiliza\u00e7\u00e3o de C\u00e2mera Steadicam Pilot AA-VL<br \/>\nColete<br \/>\nBra\u00e7o<br \/>\nVara Central<br \/>\nSled<br \/>\nPlaca de Est\u00e1gio<br \/>\nMonitor LCD de 5,8&#8243;<br \/>\nMontagem de Bateria<br \/>\nContrapesos<br \/>\nManual em ingl\u00eas<\/p>\n","protected":false},"excerpt":{"rendered":"<p>Sistema de estabiliza\u00e7\u00e3o de c\u00e2mera steadycam Imagine um mundo em equil\u00edbrio. Imagine a suavidade, liberdade e beleza. Com o sistema de estabiliza\u00e7\u00e3o de c\u00e2mera STEADICAM PILOT AA sua camcorder flutua, sempre de modo equilibrado, longe dos movimentos indesej\u00e1veis de suas m\u00e3os. Agora voc\u00ea pode mover-se livremente durante a panor\u00e2mica, inclina\u00e7\u00e3o, &#8220;booming&#8221; ou execu\u00e7\u00e3o de sua &hellip;<\/p>\n<p class=\"read-more\"> <a class=\" thunk-readmore button \" href=\"https:\/\/locacao.luzemacao.com\/index.php\/product\/steadicam-pilot\/\"> <span class=\"screen-reader-text\">Steadicam Pilot<\/span>Read More<\/a><\/p>\n","protected":false},"featured_media":517,"comment_status":"open","ping_status":"closed","template":"","meta":{"_monsterinsights_skip_tracking":false,"_monsterinsights_sitenote_active":false,"_monsterinsights_sitenote_note":"","_monsterinsights_sitenote_category":0},"product_cat":[94],"product_tag":[],"aioseo_notices":[],"_links":{"self":[{"href":"https:\/\/locacao.luzemacao.com\/index.php\/wp-json\/wp\/v2\/product\/516"}],"collection":[{"href":"https:\/\/locacao.luzemacao.com\/index.php\/wp-json\/wp\/v2\/product"}],"about":[{"href":"https:\/\/locacao.luzemacao.com\/index.php\/wp-json\/wp\/v2\/types\/product"}],"replies":[{"embeddable":true,"href":"https:\/\/locacao.luzemacao.com\/index.php\/wp-json\/wp\/v2\/comments?post=516"}],"wp:featuredmedia":[{"embeddable":true,"href":"https:\/\/locacao.luzemacao.com\/index.php\/wp-json\/wp\/v2\/media\/517"}],"wp:attachment":[{"href":"https:\/\/locacao.luzemacao.com\/index.php\/wp-json\/wp\/v2\/media?parent=516"}],"wp:term":[{"taxonomy":"product_cat","embeddable":true,"href":"https:\/\/locacao.luzemacao.com\/index.php\/wp-json\/wp\/v2\/product_cat?post=516"},{"taxonomy":"product_tag","embeddable":true,"href":"https:\/\/locacao.luzemacao.com\/index.php\/wp-json\/wp\/v2\/product_tag?post=516"}],"curies":[{"name":"wp","href":"https:\/\/api.w.org\/{rel}","templated":true}]}}