{"id":545,"date":"2022-10-27T00:27:16","date_gmt":"2022-10-27T00:27:16","guid":{"rendered":"https:\/\/locacao.luzemacao.com\/?post_type=product&#038;p=545"},"modified":"2023-02-13T13:58:51","modified_gmt":"2023-02-13T13:58:51","slug":"maquina-de-haze","status":"publish","type":"product","link":"https:\/\/locacao.luzemacao.com\/index.php\/product\/maquina-de-haze\/","title":{"rendered":"Maquina de Haze"},"content":{"rendered":"<p>1 x Maquina de Haze Profissional<br \/>\nFunciona muito melhor que maquinas de fuma\u00e7a tradicionais para um fuma\u00e7a que &#8220;paira&#8221; de forma igual em todo o ambiente.<br \/>\nLL-HZ600<\/p>\n<p>A LL-HZ600 \u00e9 uma m\u00e1quina de n\u00e9voa (Haze) compacta e poderosa!<br \/>\nPossui \u00e2ngulo de pulveriza\u00e7\u00e3o multifuncional, facilmente ajust\u00e1vel 45\u00b0 que proporciona um efeito de fuma\u00e7a perfeito!<br \/>\nMesmo efeitos de neblina (limpo), sem aroma queimado. Pouco ru\u00eddo, prote\u00e7\u00e3o ambiental e t\u00e9cnica requintada.<br \/>\nReservat\u00f3rio profissional \u00e0 prova de fugas, f\u00e1cil de transportar e sem vazamento durante o transporte, baixo consumo de flu\u00eddo.<\/p>\n<p>Caracter\u00edsticas:<br \/>\nEfeito de neblina uniforme e fina<br \/>\nBaixo ru\u00eddo<br \/>\nTanque de l\u00edquido de 2,5 litros &#8211; (6\/8 horas de dura\u00e7\u00e3o)<br \/>\nTamanho compacto e peso leve<br \/>\nL\u00edquido \u00e0 base de \u00e1gua, sem odor queimado e nenhum dano \u00e0 \u00f3ptica<\/p>\n<p>Modelo: LL-HZ600<br \/>\nTens\u00e3o utilizada: AC220-240V 50 ~ 60Hz<br \/>\nFus\u00edvel: 5A \/ 250V<br \/>\nEnergia: 600W<br \/>\nCapacidade do tanque de fluido: 2,5L<br \/>\nTempo de pr\u00e9-aquecimento: 1.5min<br \/>\nSa\u00edda de fuma\u00e7a: 5000cuft \/ min<br \/>\nConsumo: Taxa de consumo de fluido 3h\/L<br \/>\nDMX: 02 Canais (acionamento vento e sa\u00edda fuma\u00e7a)<br \/>\nPeso l\u00edquido: 6.85KG<br \/>\nPeso bruto: 7.85KG<br \/>\nDimens\u00e3o da m\u00e1quina: 314 \u00d7 265 \u00d7 280mm<br \/>\nDimens\u00e3o da embalagem: 370 \u00d7 340 \u00d7 350m<\/p>\n","protected":false},"excerpt":{"rendered":"<p>1 x Maquina de Haze Profissional Funciona muito melhor que maquinas de fuma\u00e7a tradicionais para um fuma\u00e7a que &#8220;paira&#8221; de forma igual em todo o ambiente. LL-HZ600 A LL-HZ600 \u00e9 uma m\u00e1quina de n\u00e9voa (Haze) compacta e poderosa! Possui \u00e2ngulo de pulveriza\u00e7\u00e3o multifuncional, facilmente ajust\u00e1vel 45\u00b0 que proporciona um efeito de fuma\u00e7a perfeito! Mesmo efeitos &hellip;<\/p>\n<p class=\"read-more\"> <a class=\" thunk-readmore button \" href=\"https:\/\/locacao.luzemacao.com\/index.php\/product\/maquina-de-haze\/\"> <span class=\"screen-reader-text\">Maquina de Haze<\/span>Read More<\/a><\/p>\n","protected":false},"featured_media":546,"comment_status":"open","ping_status":"closed","template":"","meta":{"_monsterinsights_skip_tracking":false,"_monsterinsights_sitenote_active":false,"_monsterinsights_sitenote_note":"","_monsterinsights_sitenote_category":0},"product_cat":[99,16],"product_tag":[],"aioseo_notices":[],"_links":{"self":[{"href":"https:\/\/locacao.luzemacao.com\/index.php\/wp-json\/wp\/v2\/product\/545"}],"collection":[{"href":"https:\/\/locacao.luzemacao.com\/index.php\/wp-json\/wp\/v2\/product"}],"about":[{"href":"https:\/\/locacao.luzemacao.com\/index.php\/wp-json\/wp\/v2\/types\/product"}],"replies":[{"embeddable":true,"href":"https:\/\/locacao.luzemacao.com\/index.php\/wp-json\/wp\/v2\/comments?post=545"}],"wp:featuredmedia":[{"embeddable":true,"href":"https:\/\/locacao.luzemacao.com\/index.php\/wp-json\/wp\/v2\/media\/546"}],"wp:attachment":[{"href":"https:\/\/locacao.luzemacao.com\/index.php\/wp-json\/wp\/v2\/media?parent=545"}],"wp:term":[{"taxonomy":"product_cat","embeddable":true,"href":"https:\/\/locacao.luzemacao.com\/index.php\/wp-json\/wp\/v2\/product_cat?post=545"},{"taxonomy":"product_tag","embeddable":true,"href":"https:\/\/locacao.luzemacao.com\/index.php\/wp-json\/wp\/v2\/product_tag?post=545"}],"curies":[{"name":"wp","href":"https:\/\/api.w.org\/{rel}","templated":true}]}}