{"id":578,"date":"2022-10-27T12:26:39","date_gmt":"2022-10-27T12:26:39","guid":{"rendered":"https:\/\/locacao.luzemacao.com\/?post_type=product&#038;p=578"},"modified":"2023-02-13T13:33:56","modified_gmt":"2023-02-13T13:33:56","slug":"painel-de-leds-160","status":"publish","type":"product","link":"https:\/\/locacao.luzemacao.com\/index.php\/product\/painel-de-leds-160\/","title":{"rendered":"Painel de led&#8217;s 160"},"content":{"rendered":"<h2 class=\"ui-pdp-description__title\">Descri\u00e7\u00e3o<\/h2>\n<p class=\"ui-pdp-description__content\">Uma boa ilumina\u00e7\u00e3o \u00e9 indispens\u00e1vel. Torne a qualidade de seus projetos maior com luz cont\u00ednua Travor TL-160.<\/p>\n<p>Ilumine com estilo<br \/>\nUma boa ilumina\u00e7\u00e3o \u00e9 indispens\u00e1vel. Com a sua luz na forma de painel voc\u00ea vai conseguir os efeitos de um estudo profissional em todas as suas fotos. Este formato \u00e9 desenhado para ser usado em fotos e v\u00eddeos, pois proporciona qualidade e praticidade. Aumente a realiza\u00e7\u00e3o de seus projetos com ilumina\u00e7\u00e3o cont\u00ednua Travor TL-160.<\/p>\n<p>Potencialize os seus projetos audiovisuais<br \/>\nCom uma pot\u00eancia de 11 W voc\u00ea poder\u00e1 melhorar a qualidade da imagem e obter a ilumina\u00e7\u00e3o ideal para qualquer foto.<br \/>\nAjuste a pot\u00eancia da ilumina\u00e7\u00e3o<br \/>\nAgora \u00e9 poss\u00edvel ajustar a pot\u00eancia da ilumina\u00e7\u00e3o de sua Travor TL-160. Com seu dimmer voc\u00ea ser\u00e1 capaz de aproveitar ao m\u00e1ximo os n\u00edveis de energia para diminuir ou aumentar a luz emitida pelo seu painel de luz.<\/p>\n","protected":false},"excerpt":{"rendered":"<p>Descri\u00e7\u00e3o Uma boa ilumina\u00e7\u00e3o \u00e9 indispens\u00e1vel. Torne a qualidade de seus projetos maior com luz cont\u00ednua Travor TL-160. Ilumine com estilo Uma boa ilumina\u00e7\u00e3o \u00e9 indispens\u00e1vel. Com a sua luz na forma de painel voc\u00ea vai conseguir os efeitos de um estudo profissional em todas as suas fotos. Este formato \u00e9 desenhado para ser usado &hellip;<\/p>\n<p class=\"read-more\"> <a class=\" thunk-readmore button \" href=\"https:\/\/locacao.luzemacao.com\/index.php\/product\/painel-de-leds-160\/\"> <span class=\"screen-reader-text\">Painel de led&#8217;s 160<\/span>Read More<\/a><\/p>\n","protected":false},"featured_media":579,"comment_status":"open","ping_status":"closed","template":"","meta":{"_monsterinsights_skip_tracking":false,"_monsterinsights_sitenote_active":false,"_monsterinsights_sitenote_note":"","_monsterinsights_sitenote_category":0},"product_cat":[16,74],"product_tag":[55],"aioseo_notices":[],"_links":{"self":[{"href":"https:\/\/locacao.luzemacao.com\/index.php\/wp-json\/wp\/v2\/product\/578"}],"collection":[{"href":"https:\/\/locacao.luzemacao.com\/index.php\/wp-json\/wp\/v2\/product"}],"about":[{"href":"https:\/\/locacao.luzemacao.com\/index.php\/wp-json\/wp\/v2\/types\/product"}],"replies":[{"embeddable":true,"href":"https:\/\/locacao.luzemacao.com\/index.php\/wp-json\/wp\/v2\/comments?post=578"}],"wp:featuredmedia":[{"embeddable":true,"href":"https:\/\/locacao.luzemacao.com\/index.php\/wp-json\/wp\/v2\/media\/579"}],"wp:attachment":[{"href":"https:\/\/locacao.luzemacao.com\/index.php\/wp-json\/wp\/v2\/media?parent=578"}],"wp:term":[{"taxonomy":"product_cat","embeddable":true,"href":"https:\/\/locacao.luzemacao.com\/index.php\/wp-json\/wp\/v2\/product_cat?post=578"},{"taxonomy":"product_tag","embeddable":true,"href":"https:\/\/locacao.luzemacao.com\/index.php\/wp-json\/wp\/v2\/product_tag?post=578"}],"curies":[{"name":"wp","href":"https:\/\/api.w.org\/{rel}","templated":true}]}}