{"id":758,"date":"2022-11-09T18:32:49","date_gmt":"2022-11-09T18:32:49","guid":{"rendered":"https:\/\/locacao.luzemacao.com\/?post_type=product&#038;p=758"},"modified":"2025-02-05T12:27:39","modified_gmt":"2025-02-05T12:27:39","slug":"gopro-hero9-black-5k","status":"publish","type":"product","link":"https:\/\/locacao.luzemacao.com\/index.php\/product\/gopro-hero9-black-5k\/","title":{"rendered":"GoPro Hero 9 Black 5K"},"content":{"rendered":"<p>Itens inclusos<\/p>\n<ul>\n<li>C\u00e2mera HERO9 Black 5K<\/li>\n<li>Kit Acess\u00f3rios e Adaptadores<\/li>\n<li>Bateria recarreg\u00e1vel<\/li>\n<li>Suporte adesivo curvo<\/li>\n<li>Fivela de montagem + parafuso de ajuste manual<\/li>\n<li>Cabo USB-CA GoPro Hero9 Black destaca-se por sua tela frontal colorida que pode ser usada para assistir ao vivo o que est\u00e1 sendo gravado, ao contr\u00e1rio da sua antecessora, a Hero8, que possui tela monocrom\u00e1tica mostrando apenas informa\u00e7\u00f5es de estado. Quando se trata de resolu\u00e7\u00e3o de grava\u00e7\u00e3o, a Hero9 Black \u00e9 a vencedora, pois atinge 5K em uma propor\u00e7\u00e3o de 16:9. Tamb\u00e9m apresenta melhorias em termos de resolu\u00e7\u00e3o fotogr\u00e1fica e desempenho da bateria: possui um sensor de 20 mpx ao contr\u00e1rio do sensor 12 mpx da Hero8 e a sua bateria \u00e9 maior, garantindo um maior desempenho.A HERO9 Black vem com Recursos avan\u00e7ados: um conjunto completo de ajustes de captura inteligentes que ampliam as op\u00e7\u00f5es para muito al\u00e9m de simplesmente pressionar o obturador. Os Recursos avan\u00e7ados incluem HindSight, LiveBurst, Captura programada e Dura\u00e7\u00e3o da captura<\/li>\n<\/ul>\n","protected":false},"excerpt":{"rendered":"<p>FDS 3 Dias:\u00a0 \u00a0 \u00a0R$165 (60% OFF)<br \/>\nSemana:\u00a0 \u00a0 \u00a0 \u00a0 \u00a0 \u00a0R$520<\/p>\n<p>Reposi\u00e7\u00e3o: R$2600<\/p>\n<p>Itens inclusos<\/p>\n<ul>\n<li>C\u00e2mera HERO9 Black 5K<\/li>\n<li>Kit Acess\u00f3rios e Adaptadores<\/li>\n<li>Bateria recarreg\u00e1vel<\/li>\n<li>Suporte adesivo curvo<\/li>\n<li>Fivela de montagem + parafuso de ajuste manual<\/li>\n<li>Cabo USB-C<\/li>\n<\/ul>\n","protected":false},"featured_media":760,"comment_status":"open","ping_status":"closed","template":"","meta":{"_monsterinsights_skip_tracking":false,"_monsterinsights_sitenote_active":false,"_monsterinsights_sitenote_note":"","_monsterinsights_sitenote_category":0},"product_cat":[23],"product_tag":[],"aioseo_notices":[],"_links":{"self":[{"href":"https:\/\/locacao.luzemacao.com\/index.php\/wp-json\/wp\/v2\/product\/758"}],"collection":[{"href":"https:\/\/locacao.luzemacao.com\/index.php\/wp-json\/wp\/v2\/product"}],"about":[{"href":"https:\/\/locacao.luzemacao.com\/index.php\/wp-json\/wp\/v2\/types\/product"}],"replies":[{"embeddable":true,"href":"https:\/\/locacao.luzemacao.com\/index.php\/wp-json\/wp\/v2\/comments?post=758"}],"wp:featuredmedia":[{"embeddable":true,"href":"https:\/\/locacao.luzemacao.com\/index.php\/wp-json\/wp\/v2\/media\/760"}],"wp:attachment":[{"href":"https:\/\/locacao.luzemacao.com\/index.php\/wp-json\/wp\/v2\/media?parent=758"}],"wp:term":[{"taxonomy":"product_cat","embeddable":true,"href":"https:\/\/locacao.luzemacao.com\/index.php\/wp-json\/wp\/v2\/product_cat?post=758"},{"taxonomy":"product_tag","embeddable":true,"href":"https:\/\/locacao.luzemacao.com\/index.php\/wp-json\/wp\/v2\/product_tag?post=758"}],"curies":[{"name":"wp","href":"https:\/\/api.w.org\/{rel}","templated":true}]}}