{"id":863,"date":"2022-12-01T12:56:48","date_gmt":"2022-12-01T12:56:48","guid":{"rendered":"https:\/\/locacao.luzemacao.com\/?post_type=product&#038;p=863"},"modified":"2023-02-09T17:05:11","modified_gmt":"2023-02-09T17:05:11","slug":"tripe-bogen-3192","status":"publish","type":"product","link":"https:\/\/locacao.luzemacao.com\/index.php\/product\/tripe-bogen-3192\/","title":{"rendered":"Trip\u00e9 Bogen 3192 c\/ Cabe\u00e7a 3066"},"content":{"rendered":"<p>Trip\u00e9 de Video excelente com cargas pesadas como Grua, ou Jib.<br \/>\nInclui Cabe\u00e7a 3066 (Valor R$40, pode ser trocado por outra cabe\u00e7a de valor menor ou maior com ajuste no pre\u00e7o final)<\/p>\n<p>Tipo de Montagem Principal: Bacia de 100mm<br \/>\nNivel de Bolha: sim<\/p>\n<p>&nbsp;<\/p>\n","protected":false},"excerpt":{"rendered":"<p>Trip\u00e9 de Video excelente com cargas pesadas como Grua, ou Jib.<br \/>\nInclui Cabe\u00e7a 3066 (Valor R$40, pode ser trocado por outra cabe\u00e7a de valor menor ou maior com ajuste no pre\u00e7o final)<\/p>\n<p>Tipo de Montagem Principal: Bacia de 100mm<br \/>\nNivel de Bolha: sim<\/p>\n<p>&nbsp;<\/p>\n","protected":false},"featured_media":865,"comment_status":"open","ping_status":"closed","template":"","meta":{"_monsterinsights_skip_tracking":false,"_monsterinsights_sitenote_active":false,"_monsterinsights_sitenote_note":"","_monsterinsights_sitenote_category":0},"product_cat":[102],"product_tag":[],"aioseo_notices":[],"_links":{"self":[{"href":"https:\/\/locacao.luzemacao.com\/index.php\/wp-json\/wp\/v2\/product\/863"}],"collection":[{"href":"https:\/\/locacao.luzemacao.com\/index.php\/wp-json\/wp\/v2\/product"}],"about":[{"href":"https:\/\/locacao.luzemacao.com\/index.php\/wp-json\/wp\/v2\/types\/product"}],"replies":[{"embeddable":true,"href":"https:\/\/locacao.luzemacao.com\/index.php\/wp-json\/wp\/v2\/comments?post=863"}],"wp:featuredmedia":[{"embeddable":true,"href":"https:\/\/locacao.luzemacao.com\/index.php\/wp-json\/wp\/v2\/media\/865"}],"wp:attachment":[{"href":"https:\/\/locacao.luzemacao.com\/index.php\/wp-json\/wp\/v2\/media?parent=863"}],"wp:term":[{"taxonomy":"product_cat","embeddable":true,"href":"https:\/\/locacao.luzemacao.com\/index.php\/wp-json\/wp\/v2\/product_cat?post=863"},{"taxonomy":"product_tag","embeddable":true,"href":"https:\/\/locacao.luzemacao.com\/index.php\/wp-json\/wp\/v2\/product_tag?post=863"}],"curies":[{"name":"wp","href":"https:\/\/api.w.org\/{rel}","templated":true}]}}